{"id":87,"date":"2020-03-16T22:30:06","date_gmt":"2020-03-16T21:30:06","guid":{"rendered":"https:\/\/spprzyjma.edu.pl\/?page_id=87"},"modified":"2025-11-16T16:49:41","modified_gmt":"2025-11-16T15:49:41","slug":"oplaty-za-obiad","status":"publish","type":"page","link":"https:\/\/spprzyjma.edu.pl\/index.php\/oplaty-za-obiad\/","title":{"rendered":"Obiady"},"content":{"rendered":"\n<p>W roku szkolnym 2025\/2026 obiady dla naszej szko\u0142y b\u0119dzie dostarcza\u0142a firma p. Sylwii Nowakowskiej z Goliny.<\/p>\n\n\n\n<p>Rodzice nie zg\u0142aszaj\u0105 w sekretariacie szko\u0142y, kt\u00f3re dzieci b\u0119d\u0105 jad\u0142y obiady, tylko sami rejestruj\u0105 dziecko, kt\u00f3re ma je\u015b\u0107 obiad w aplikacji ,,Zam\u00f3w posi\u0142ek&#8221;. <\/p>\n\n\n\n<p>W tej r\u00f3wnie\u017c aplikacji zg\u0142aszaj\u0105, kiedy dziecko nie b\u0119dzie jad\u0142o obiadu. Przez aplikacj\u0119 r\u00f3wnie\u017c rodzice p\u0142ac\u0105 za obiady. <\/p>\n\n\n\n<p>Zrezygnowa\u0107 z obiadu, jak i zam\u00f3wi\u0107 obiad  mo\u017cna w danym dniu do godz. 8.00.<\/p>\n\n\n\n<p>Obiad kosztuje 7,40 z\u0142.<\/p>\n\n\n\n<p class=\"has-text-align-right\"><em>Dyrekcja szko\u0142y<\/em><\/p>\n\n\n\n<div class=\"wp-block-group is-layout-constrained wp-block-group-is-layout-constrained\"><div class=\"wp-block-group__inner-container\">\n<div class=\"wp-block-columns is-layout-flex wp-container-core-columns-layout-2 wp-block-columns-is-layout-flex\">\n<div class=\"wp-block-column is-layout-flow wp-block-column-is-layout-flow\" style=\"flex-basis:100%\">\n<div class=\"wp-block-columns is-layout-flex wp-container-core-columns-layout-1 wp-block-columns-is-layout-flex\">\n<div class=\"wp-block-column is-layout-flow wp-block-column-is-layout-flow\" style=\"flex-basis:100%\">\n<div class=\"wp-block-file aligncenter\"><a id=\"wp-block-file--media-9b6047ff-f30d-4621-94e3-f02f2a92ae67\" href=\"https:\/\/spprzyjma.edu.pl\/wp-content\/uploads\/2023\/08\/Deklaracja-zapisu-na-obiady.docx\" target=\"_blank\" rel=\"noreferrer noopener\">                                                                          <strong>Jak si\u0119 zarejestrowa\u0107 w aplikacji ,,Zam\u00f3w posi\u0142ek<\/strong>&#8221; <br><br>KROK PIERWSZY !  <br>Skorzystaj z jednego ze sposob\u00f3w dotarcia do formularza rejestracyjnego i  za\u0142o\u017cenia konta:  Spos\u00f3b Pierwszy.   Aby zarejestrowa\u0107 si\u0119 w aplikacji Zam\u00f3w Posi\u0142ek, prosimy klikn\u0105\u0107 w poni\u017cszy  https:\/\/aplikacja.zamowposilek.pl  Spos\u00f3b Drugi.  Drugim sposobem dotarcia do formularza rejestracyjnego jest: &#8211; wej\u015bcie na stron\u0119: www.zam\u00f3wposi\u0142ek.pl, a nast\u0119pnie klikn\u0105\u0107 podstron\u0119 \u201cLogowanie\u201d &#8211; nast\u0119pnym krokiem jest wybranie opcji \u201cNie masz Konta? Zarejestruj si\u0119\u201d &#8211; aby zarejestrowa\u0107 si\u0119 do wybranej plac\u00f3wki nale\u017cy wskaza\u0107 wojew\u00f3dztwo, miasto oraz miejsce  dostaw posi\u0142k\u00f3w i zatwierdzi\u0107 klikaj\u0105c \u201cDalej\u201d.  <br><br>KROK DRUGI !  <br>Wype\u0142nij formularz rejestracyjny  Jak wype\u0142ni\u0107 formularz rejestracyjny ?  1. Rodzicu uzupe\u0142nij swoje dane osobowe podaj numer telefonu  2. Po uzupe\u0142nieniu danych i podaniu numeru telefonu klikamy przycisk \u201cWy\u015blij kod sms\u201d  3. Otrzymany na podany telefon kod sms wpisujemy w polu: \u201cKod z wiadomo\u015bci sms\u201d  4. Nast\u0119pnie zaznaczamy wymagan\u0105 zgod\u0119 na rozpocz\u0119cie \u015bwiadczenia us\u0142ugi zamawiania  posi\u0142k\u00f3w i klikamy \u201cZarejestruj\u201d co jest r\u00f3wnoznaczne z akceptacj\u0105 regulaminu korzystania z  portalu zam\u00f3wposi\u0142ek,pl oraz regulaminu \u015bwiadczenia us\u0142ugi przez dostawc\u0119.  5. Po klikni\u0119ciu \u201cZarejestruj\u201d jeste\u015bmy ju\u017c zalogowani na swoim koncie.  UWAGA: Pola oznaczone \u201c*\u201d to pola wymagane, kt\u00f3re nale\u017cy wype\u0142ni\u0107 podczas rejestracji.  <br><br>KROK TRZECI !  Na swoim koncie uzupe\u0142nij dane dziecka odbieraj\u0105cego posi\u0142ki  Po pierwszym zalogowaniu automatycznie otworzy si\u0119 nam strona, na kt\u00f3rej nale\u017cy uzupe\u0142ni\u0107  dane  dziecka odbieraj\u0105cego posi\u0142ki.  1. wpisz imi\u0119 dziecka odbieraj\u0105cego posi\u0142ki,  2. wpisz nazwisko dziecka odbieraj\u0105cego posi\u0142ki  3. wpisz odpowiedni\u0105 grup\u0119 lub klas\u0119  4. Po uzupe\u0142nieniu w\/w danych klikamy \u201cDodaj now\u0105 osob\u0119\u201d &#8211; (dotyczy tylko tych rodzic\u00f3w kt\u00f3rzy  maj\u0105 wi\u0119cej ni\u017c jedno dziecko w tej samej szkole lub przedszkolu) Aplikacja zapyta Czy  chcesz doda\u0107 kolejn\u0105 osob\u0119 odbieraj\u0105c\u0105 posi\u0142ki? nale\u017cy klikn\u0105\u0107 \u201cTak\u201d i doda\u0107 kolejne dziecko.  Wpisujemy dane drugiego dziecka oraz wybieramy odpowiedni\u0105 grup\u0119 lub klas\u0119, a nast\u0119pnie  klikamy \u201cDodaj now\u0105 Osob\u0119\u201d. Je\u017celi nie chc\u0105 Pa\u0144stwo dodawa\u0107 wi\u0119cej dzieci nale\u017cy klikn\u0105\u0107  \u201cNie\u201d <br><br> REJESTRACJA ZAKO\u0143CZONA ! <br><\/a><\/div>\n<\/div>\n<\/div>\n<\/div>\n<\/div>\n<\/div><\/div>\n\n\n\n<div class=\"wp-block-file\"><\/div>\n\n\n","protected":false},"excerpt":{"rendered":"<p>W roku szkolnym 2025\/2026 obiady dla naszej szko\u0142y b\u0119dzie dostarcza\u0142a firma p. Sylwii Nowakowskiej z Goliny. Rodzice nie zg\u0142aszaj\u0105 w sekretariacie szko\u0142y, kt\u00f3re dzieci b\u0119d\u0105&hellip;<\/p>\n","protected":false},"author":1,"featured_media":0,"parent":0,"menu_order":0,"comment_status":"closed","ping_status":"closed","template":"","meta":{"footnotes":""},"_links":{"self":[{"href":"https:\/\/spprzyjma.edu.pl\/index.php\/wp-json\/wp\/v2\/pages\/87"}],"collection":[{"href":"https:\/\/spprzyjma.edu.pl\/index.php\/wp-json\/wp\/v2\/pages"}],"about":[{"href":"https:\/\/spprzyjma.edu.pl\/index.php\/wp-json\/wp\/v2\/types\/page"}],"author":[{"embeddable":true,"href":"https:\/\/spprzyjma.edu.pl\/index.php\/wp-json\/wp\/v2\/users\/1"}],"replies":[{"embeddable":true,"href":"https:\/\/spprzyjma.edu.pl\/index.php\/wp-json\/wp\/v2\/comments?post=87"}],"version-history":[{"count":42,"href":"https:\/\/spprzyjma.edu.pl\/index.php\/wp-json\/wp\/v2\/pages\/87\/revisions"}],"predecessor-version":[{"id":8760,"href":"https:\/\/spprzyjma.edu.pl\/index.php\/wp-json\/wp\/v2\/pages\/87\/revisions\/8760"}],"wp:attachment":[{"href":"https:\/\/spprzyjma.edu.pl\/index.php\/wp-json\/wp\/v2\/media?parent=87"}],"curies":[{"name":"wp","href":"https:\/\/api.w.org\/{rel}","templated":true}]}}