{"id":773,"date":"2020-10-15T22:15:49","date_gmt":"2020-10-15T20:15:49","guid":{"rendered":"https:\/\/spprzyjma.edu.pl\/?page_id=773"},"modified":"2021-08-30T21:38:16","modified_gmt":"2021-08-30T19:38:16","slug":"office-365","status":"publish","type":"page","link":"https:\/\/spprzyjma.edu.pl\/index.php\/office-365\/","title":{"rendered":"office 365"},"content":{"rendered":"\n<p>\u017beby si\u0119 zalogowa\u0107 kliknij <a href=\"http:\/\/office.com\">office.com<\/a><\/p> Wpisz sw\u00f3j adres email. To mail kt\u00f3ry po znaku @ ma <span style=\"color: red\"> spprzyjma.edu.pl <\/span> tak jak <span style=\"color: red\"> mziemniczak@sppprzyjma.edu.pl<\/span> <\/p>\n<p>Je\u015bli masz jakikolwiek problem to pisz na <a href=\"mailto:mziemniczak@spprzyjma.edu.pl\">mziemniczak@spprzyjma.edu.pl<\/a> lub  <a href=\"mailto:krubas@spprzyjma.edu.pl\">krubas@spprzyjma.edu.pl<\/a> b\u0105d\u017a zg\u0142o\u015b si\u0119 w szkole do administrator\u00f3w office &#8211; pani Kornelii b\u0105d\u017a pana Marcina\n","protected":false},"excerpt":{"rendered":"<p>\u017beby si\u0119 zalogowa\u0107 kliknij office.com Wpisz sw\u00f3j adres email. To mail kt\u00f3ry po znaku @ ma spprzyjma.edu.pl tak jak mziemniczak@sppprzyjma.edu.pl Je\u015bli masz jakikolwiek problem to&hellip;<\/p>\n","protected":false},"author":1,"featured_media":0,"parent":0,"menu_order":0,"comment_status":"closed","ping_status":"closed","template":"","meta":{"footnotes":""},"_links":{"self":[{"href":"https:\/\/spprzyjma.edu.pl\/index.php\/wp-json\/wp\/v2\/pages\/773"}],"collection":[{"href":"https:\/\/spprzyjma.edu.pl\/index.php\/wp-json\/wp\/v2\/pages"}],"about":[{"href":"https:\/\/spprzyjma.edu.pl\/index.php\/wp-json\/wp\/v2\/types\/page"}],"author":[{"embeddable":true,"href":"https:\/\/spprzyjma.edu.pl\/index.php\/wp-json\/wp\/v2\/users\/1"}],"replies":[{"embeddable":true,"href":"https:\/\/spprzyjma.edu.pl\/index.php\/wp-json\/wp\/v2\/comments?post=773"}],"version-history":[{"count":9,"href":"https:\/\/spprzyjma.edu.pl\/index.php\/wp-json\/wp\/v2\/pages\/773\/revisions"}],"predecessor-version":[{"id":1356,"href":"https:\/\/spprzyjma.edu.pl\/index.php\/wp-json\/wp\/v2\/pages\/773\/revisions\/1356"}],"wp:attachment":[{"href":"https:\/\/spprzyjma.edu.pl\/index.php\/wp-json\/wp\/v2\/media?parent=773"}],"curies":[{"name":"wp","href":"https:\/\/api.w.org\/{rel}","templated":true}]}}