{"id":63,"date":"2020-03-16T22:23:12","date_gmt":"2020-03-16T21:23:12","guid":{"rendered":"https:\/\/spprzyjma.edu.pl\/?page_id=63"},"modified":"2025-11-16T16:51:36","modified_gmt":"2025-11-16T15:51:36","slug":"swietlica","status":"publish","type":"page","link":"https:\/\/spprzyjma.edu.pl\/index.php\/swietlica\/","title":{"rendered":"\u015awietlica"},"content":{"rendered":"\n<p><strong> \u015awietlica jest czynna od godz. 7.30 &#8211; 15.45<\/strong>.<\/p>\n\n\n\n<p>W \u015bwietlicy dowozowej prowadzone s\u0105 zaj\u0119cia:<\/p>\n\n\n\n<p>&#8211; <strong>plastyczne<\/strong> \u2013 poznawanie nowych i doskonalenie wcze\u015bniej poznanych technik plastycznych, organizowanie wystaw prac dzieci;<\/p>\n\n\n\n<p>&#8211; <strong>czytelniczo \u2013 medialne <\/strong>\u00a0&#8211; \u00a0\u015bwiadome i odpowiedzialne korzystanie ze \u015brodk\u00f3w masowego przekazu, komputera, Internetu, ogl\u0105danie film\u00f3w edukacyjnych;<\/p>\n\n\n\n<p>&#8211; <strong>sportowo \u2013 zabawowe<\/strong> \u2013 sp\u0119dzanie czasu na \u015bwie\u017cym powietrzu, zabawy z wykorzystaniem dywanu interaktywnego, gry planszowe;<\/p>\n\n\n\n<p>&#8211;<strong>programowanie.<\/strong><\/p>\n","protected":false},"excerpt":{"rendered":"<p>\u015awietlica jest czynna od godz. 7.30 &#8211; 15.45. W \u015bwietlicy dowozowej prowadzone s\u0105 zaj\u0119cia: &#8211; plastyczne \u2013 poznawanie nowych i doskonalenie wcze\u015bniej poznanych technik plastycznych,&hellip;<\/p>\n","protected":false},"author":1,"featured_media":0,"parent":0,"menu_order":0,"comment_status":"closed","ping_status":"closed","template":"","meta":{"footnotes":""},"_links":{"self":[{"href":"https:\/\/spprzyjma.edu.pl\/index.php\/wp-json\/wp\/v2\/pages\/63"}],"collection":[{"href":"https:\/\/spprzyjma.edu.pl\/index.php\/wp-json\/wp\/v2\/pages"}],"about":[{"href":"https:\/\/spprzyjma.edu.pl\/index.php\/wp-json\/wp\/v2\/types\/page"}],"author":[{"embeddable":true,"href":"https:\/\/spprzyjma.edu.pl\/index.php\/wp-json\/wp\/v2\/users\/1"}],"replies":[{"embeddable":true,"href":"https:\/\/spprzyjma.edu.pl\/index.php\/wp-json\/wp\/v2\/comments?post=63"}],"version-history":[{"count":13,"href":"https:\/\/spprzyjma.edu.pl\/index.php\/wp-json\/wp\/v2\/pages\/63\/revisions"}],"predecessor-version":[{"id":8761,"href":"https:\/\/spprzyjma.edu.pl\/index.php\/wp-json\/wp\/v2\/pages\/63\/revisions\/8761"}],"wp:attachment":[{"href":"https:\/\/spprzyjma.edu.pl\/index.php\/wp-json\/wp\/v2\/media?parent=63"}],"curies":[{"name":"wp","href":"https:\/\/api.w.org\/{rel}","templated":true}]}}