{"id":51,"date":"2020-03-16T22:21:21","date_gmt":"2020-03-16T21:21:21","guid":{"rendered":"https:\/\/spprzyjma.edu.pl\/?page_id=51"},"modified":"2025-11-16T16:28:07","modified_gmt":"2025-11-16T15:28:07","slug":"zespol-nauczycieli","status":"publish","type":"page","link":"https:\/\/spprzyjma.edu.pl\/index.php\/zespol-nauczycieli\/","title":{"rendered":"Zesp\u00f3\u0142 nauczycieli         i pracownik\u00f3w"},"content":{"rendered":"\n<ul>\n<li> mgr Ma\u0142gorzata W\u0105chnicka \u2013 dyrektor szko\u0142y &#8211; nauczyciel zaj\u0119\u0107 rewalidacyjnych<\/li>\n\n\n\n<li> mgr Monika Andrzejewska \u2013 pedagog szkolny i pedagog specjalny, bibliotekarz  <\/li>\n\n\n\n<li> mgr Agnieszka Borowska \u2013 nauczyciel edukacji wczesnoszkolnej i ed. zdrowotnej<\/li>\n\n\n\n<li> mgr Joanna Ciesielska \u2013 nauczyciel przyrody i biologii<\/li>\n\n\n\n<li> mgr Kornelia Jakubowska  \u2013  Rubas \u2013 nauczyciel j\u0119zyka polskiego, muzyki,  edukacji dla bezpiecze\u0144stwa, wiedzy o spo\u0142ecze\u0144stwie<\/li>\n\n\n\n<li> mgr Daniel J\u00f3\u017awiak \u2013 nauczyciel techniki <\/li>\n\n\n\n<li>mgr Bo\u017cena Kaczmarek \u2013 nauczyciel chemii i fizyki <\/li>\n\n\n\n<li>mgr Jaros\u0142aw Kad\u0142ubek \u2013  psycholog<\/li>\n\n\n\n<li> lic. Linda Kalinowska \u2013 Plewczy\u0144ska \u2013 nauczyciel j\u0119zyka niemieckiego<\/li>\n\n\n\n<li>ks. Jacek Krzesi\u0144ski \u2013 nauczyciel religii <\/li>\n\n\n\n<li>mgr Magdalena Lewandowska \u2013 nauczyciel edukacji wczesnoszkolnej<\/li>\n\n\n\n<li>mgr Magdalena Lewartowska \u2013 nauczyciel prowadz\u0105cy zaj\u0119cia rewalidacyjne<\/li>\n\n\n\n<li>mgr Ewelina Nowak \u2013 nauczyciel wych. przedszkolnego i doradztwa zawodowego<\/li>\n\n\n\n<li> mgr Wiktoria Skwarczy\u0144ska \u2013 nauczyciel j\u0119zyka angielskiego<\/li>\n\n\n\n<li> mgr Sylwia Orchowska \u2013 nauczyciel matematyki i geografii<\/li>\n\n\n\n<li>mgr Magdalena Perli\u0144ska \u2013 nauczyciel wspieraj\u0105cy, nauczyciel geografii i biologii<\/li>\n\n\n\n<li>mgr Dorota Plutecka-Jankowska \u2013 nauczyciel ed. zdrowotnej, logopeda<\/li>\n\n\n\n<li> mgr Aneta Szczepaniak \u2013 nauczyciel j\u0119zyka polskiego i historii<\/li>\n\n\n\n<li> mgr Ewa Wendt \u2013 nauczyciel edukacji wczesnoszkolnej i plastyki<\/li>\n\n\n\n<li>mgr Magdalena Wo\u017aniak -nauczyciel wspieraj\u0105cy<\/li>\n\n\n\n<li> mgr Izabela Ziemniczak \u2013 nauczyciel wych. przedszkolnego<\/li>\n\n\n\n<li> mgr Marcin Ziemniczak \u2013 nauczyciel informatyki, wychowania fizycznego i ed. zdrowotnej<\/li>\n\n\n\n<li> mgr Monika Klasi\u0144ska \u2013 sekretarz szko\u0142y <\/li>\n\n\n\n<li>Katarzyna Gorzela\u0144czyk \u2013 pracownik obs\u0142ugi <\/li>\n\n\n\n<li> Ma\u0142gorzata Nowak \u2013 pracownik obs\u0142ugi  <\/li>\n\n\n\n<li> Krystyna W\u0142osiniak \u2013 pracownik obs\u0142ugi <\/li>\n\n\n\n<li> Andrzej W\u0142osiniak \u2013 pracownik obs\u0142ugi <\/li>\n<\/ul>\n","protected":false},"excerpt":{"rendered":"","protected":false},"author":1,"featured_media":0,"parent":0,"menu_order":0,"comment_status":"closed","ping_status":"closed","template":"","meta":{"footnotes":""},"_links":{"self":[{"href":"https:\/\/spprzyjma.edu.pl\/index.php\/wp-json\/wp\/v2\/pages\/51"}],"collection":[{"href":"https:\/\/spprzyjma.edu.pl\/index.php\/wp-json\/wp\/v2\/pages"}],"about":[{"href":"https:\/\/spprzyjma.edu.pl\/index.php\/wp-json\/wp\/v2\/types\/page"}],"author":[{"embeddable":true,"href":"https:\/\/spprzyjma.edu.pl\/index.php\/wp-json\/wp\/v2\/users\/1"}],"replies":[{"embeddable":true,"href":"https:\/\/spprzyjma.edu.pl\/index.php\/wp-json\/wp\/v2\/comments?post=51"}],"version-history":[{"count":28,"href":"https:\/\/spprzyjma.edu.pl\/index.php\/wp-json\/wp\/v2\/pages\/51\/revisions"}],"predecessor-version":[{"id":8744,"href":"https:\/\/spprzyjma.edu.pl\/index.php\/wp-json\/wp\/v2\/pages\/51\/revisions\/8744"}],"wp:attachment":[{"href":"https:\/\/spprzyjma.edu.pl\/index.php\/wp-json\/wp\/v2\/media?parent=51"}],"curies":[{"name":"wp","href":"https:\/\/api.w.org\/{rel}","templated":true}]}}