{"id":4943,"date":"2024-04-03T21:48:18","date_gmt":"2024-04-03T19:48:18","guid":{"rendered":"https:\/\/spprzyjma.edu.pl\/?page_id=4943"},"modified":"2025-12-11T16:03:13","modified_gmt":"2025-12-11T15:03:13","slug":"szkola-promujaca-zdrowie","status":"publish","type":"page","link":"https:\/\/spprzyjma.edu.pl\/index.php\/szkola-promujaca-zdrowie\/","title":{"rendered":"Szko\u0142a Promuj\u0105ca Zdrowie"},"content":{"rendered":"\n<p><\/p>\n\n\n\n<p><\/p>\n\n\n\n<p><img loading=\"lazy\" decoding=\"async\" width=\"723\" height=\"305\" src=\"https:\/\/www.gov.pl\/photo\/format\/d300febe-0b5c-4c92-a2d6-57416daf9ffa\/resolution\/1920x810\" alt=\"Szko\u0142y Promuj\u0105ce Zdrowie _logo akcji\"><\/p>\n\n\n\n<p>Szko\u0142a promuj\u0105ca zdrowie to taka plac\u00f3wka, kt\u00f3ra we wsp\u00f3\u0142pracy z rodzicami uczni\u00f3w i spo\u0142eczno\u015bci\u0105 lokaln\u0105:<\/p>\n\n\n\n<ul>\n<li>systematycznie i planowo tworzy \u015brodowisko spo\u0142eczne i fizyczne sprzyjaj\u0105ce zdrowiu<br>i dobremu samopoczuciu spo\u0142eczno\u015bci szkolnej,<\/li>\n\n\n\n<li>wspiera rozw\u00f3j kompetencji uczni\u00f3w i pracownik\u00f3w w zakresie dba\u0142o\u015bci o zdrowie przez ca\u0142e \u017cycie.<\/li>\n<\/ul>\n\n\n\n<p><strong>W roku szkolnym 2023\/2024 podj\u0119li\u015bmy dzia\u0142ania, aby otrzyma\u0107 certyfikat Szko\u0142y Promuj\u0105cej Zdrowie.<\/strong><\/p>\n\n\n\n<div data-wp-interactive=\"\" class=\"wp-block-file\"><object data-wp-bind--hidden=\"!selectors.core.file.hasPdfPreview\" hidden class=\"wp-block-file__embed\" data=\"https:\/\/spprzyjma.edu.pl\/wp-content\/uploads\/2024\/04\/Plan-dzialan-szkoly-promujacej-zdrowie-07.01.2024.pdf\" type=\"application\/pdf\" style=\"width:100%;height:600px\" aria-label=\"Osadzone z Plan-dzialan-szkoly-promujacej-zdrowie-07.01.2024.\"><\/object><a id=\"wp-block-file--media-36d900ab-651a-42e1-915c-5018072e47a6\" href=\"https:\/\/spprzyjma.edu.pl\/wp-content\/uploads\/2024\/04\/Plan-dzialan-szkoly-promujacej-zdrowie-07.01.2024.pdf\">Plan-dzialan-szkoly-promujacej-zdrowie-07.01.2024<\/a><\/div>\n\n\n\n<div class=\"wp-block-file\"><a id=\"wp-block-file--media-e7f63c28-8cde-4578-8b9f-ab6ed2fa7c65\" href=\"https:\/\/spprzyjma.edu.pl\/wp-content\/uploads\/2024\/10\/Plan-pracy-szkolnego-zespolu-do-spraw-Prozdrowotnych-2024.docx\" target=\"_blank\" rel=\"noreferrer noopener\">Plan-pracy-szkolnego-zespolu-do-spraw-Prozdrowotnych-2024<\/a><\/div>\n\n\n\n<div class=\"wp-block-file\"><a id=\"wp-block-file--media-b85391f0-8e02-42ce-a6b6-bbad2cbfabcd\" href=\"https:\/\/spprzyjma.edu.pl\/wp-content\/uploads\/2025\/12\/Sprawozdanie-z-dzialan-zdrowotnych-na-strone-szkoly-rok-2024-2025-1.docx-poprawiony-1.docx\">Sprawozdanie-z-dzialan-zdrowotnych-na-strone-szkoly-rok-2024-2025-1.docx-poprawiony-1<\/a><a href=\"https:\/\/spprzyjma.edu.pl\/wp-content\/uploads\/2025\/12\/Sprawozdanie-z-dzialan-zdrowotnych-na-strone-szkoly-rok-2024-2025-1.docx-poprawiony-1.docx\" class=\"wp-block-file__button wp-element-button\" download aria-describedby=\"wp-block-file--media-b85391f0-8e02-42ce-a6b6-bbad2cbfabcd\">Pobierz<\/a><\/div>\n\n\n\n\n\n\n\n<div class=\"wp-block-file\"><a id=\"wp-block-file--media-afa15d4c-f80d-4259-a9cc-64bbba3e9903\" href=\"https:\/\/spprzyjma.edu.pl\/wp-content\/uploads\/2025\/10\/Plan-pracy-szkolnego-zespolu-do-spraw-Prozdrowotnych-2025-11.docx\">Plan-pracy-szkolnego-zespolu-do-spraw-Prozdrowotnych-2025-11<\/a><a href=\"https:\/\/spprzyjma.edu.pl\/wp-content\/uploads\/2025\/10\/Plan-pracy-szkolnego-zespolu-do-spraw-Prozdrowotnych-2025-11.docx\" class=\"wp-block-file__button wp-element-button\" download aria-describedby=\"wp-block-file--media-afa15d4c-f80d-4259-a9cc-64bbba3e9903\">Pobierz<\/a><\/div>\n","protected":false},"excerpt":{"rendered":"<p>Szko\u0142a promuj\u0105ca zdrowie to taka plac\u00f3wka, kt\u00f3ra we wsp\u00f3\u0142pracy z rodzicami uczni\u00f3w i spo\u0142eczno\u015bci\u0105 lokaln\u0105: W roku szkolnym 2023\/2024 podj\u0119li\u015bmy dzia\u0142ania, aby otrzyma\u0107 certyfikat Szko\u0142y&hellip;<\/p>\n","protected":false},"author":1,"featured_media":0,"parent":0,"menu_order":0,"comment_status":"closed","ping_status":"closed","template":"","meta":{"footnotes":""},"_links":{"self":[{"href":"https:\/\/spprzyjma.edu.pl\/index.php\/wp-json\/wp\/v2\/pages\/4943"}],"collection":[{"href":"https:\/\/spprzyjma.edu.pl\/index.php\/wp-json\/wp\/v2\/pages"}],"about":[{"href":"https:\/\/spprzyjma.edu.pl\/index.php\/wp-json\/wp\/v2\/types\/page"}],"author":[{"embeddable":true,"href":"https:\/\/spprzyjma.edu.pl\/index.php\/wp-json\/wp\/v2\/users\/1"}],"replies":[{"embeddable":true,"href":"https:\/\/spprzyjma.edu.pl\/index.php\/wp-json\/wp\/v2\/comments?post=4943"}],"version-history":[{"count":12,"href":"https:\/\/spprzyjma.edu.pl\/index.php\/wp-json\/wp\/v2\/pages\/4943\/revisions"}],"predecessor-version":[{"id":8984,"href":"https:\/\/spprzyjma.edu.pl\/index.php\/wp-json\/wp\/v2\/pages\/4943\/revisions\/8984"}],"wp:attachment":[{"href":"https:\/\/spprzyjma.edu.pl\/index.php\/wp-json\/wp\/v2\/media?parent=4943"}],"curies":[{"name":"wp","href":"https:\/\/api.w.org\/{rel}","templated":true}]}}