{"id":3951,"date":"2023-12-11T15:18:04","date_gmt":"2023-12-11T14:18:04","guid":{"rendered":"https:\/\/spprzyjma.edu.pl\/?page_id=3951"},"modified":"2025-11-16T16:17:43","modified_gmt":"2025-11-16T15:17:43","slug":"doswiadczenia-chemiczne","status":"publish","type":"page","link":"https:\/\/spprzyjma.edu.pl\/index.php\/doswiadczenia-chemiczne\/","title":{"rendered":"Do\u015bwiadczenia chemiczne"},"content":{"rendered":"\n<p class=\"has-text-align-left\"><strong>Jako szko\u0142a im. Marii Sk\u0142odowskiej &#8211; Curie pragniemy rozwija\u0107 u uczni\u00f3w zainteresowanie chemi\u0105 i fizyk\u0105, dlatego organizujemy 7 listopada (w dniu urodzin Marii Sk\u0142odowskiej &#8211; Curie) Dzie\u0144 Patrona.<br>Uczniowie klasy 8 ej pod opiek\u0105 nauczyciela chemii i fizyki p. Bo\u017ceny Kaczmarek przeprowadzaj\u0105 dla uczni\u00f3w do\u015bwiadczenia z chemii<\/strong> i <strong>fizyki.<\/strong><\/p>\n\n\n\n<p><\/p>\n\n\n\n<figure class=\"wp-block-gallery has-nested-images columns-default is-cropped wp-block-gallery-1 is-layout-flex wp-block-gallery-is-layout-flex\">\n<figure class=\"wp-block-image size-large\"><img loading=\"lazy\" decoding=\"async\" width=\"768\" height=\"1024\" data-id=\"8719\" src=\"https:\/\/spprzyjma.edu.pl\/wp-content\/uploads\/2025\/11\/2-1-768x1024.jpg\" alt=\"\" class=\"wp-image-8719\" srcset=\"https:\/\/spprzyjma.edu.pl\/wp-content\/uploads\/2025\/11\/2-1-768x1024.jpg 768w, https:\/\/spprzyjma.edu.pl\/wp-content\/uploads\/2025\/11\/2-1-225x300.jpg 225w, https:\/\/spprzyjma.edu.pl\/wp-content\/uploads\/2025\/11\/2-1-1152x1536.jpg 1152w, https:\/\/spprzyjma.edu.pl\/wp-content\/uploads\/2025\/11\/2-1.jpg 1536w\" sizes=\"(max-width: 768px) 100vw, 768px\" \/><\/figure>\n<\/figure>\n\n\n\n<figure class=\"wp-block-gallery has-nested-images columns-default is-cropped wp-block-gallery-2 is-layout-flex wp-block-gallery-is-layout-flex\">\n<figure class=\"wp-block-image size-large\"><img loading=\"lazy\" decoding=\"async\" width=\"768\" height=\"1024\" data-id=\"8720\" src=\"https:\/\/spprzyjma.edu.pl\/wp-content\/uploads\/2025\/11\/3-1-768x1024.jpg\" alt=\"\" class=\"wp-image-8720\" srcset=\"https:\/\/spprzyjma.edu.pl\/wp-content\/uploads\/2025\/11\/3-1-768x1024.jpg 768w, https:\/\/spprzyjma.edu.pl\/wp-content\/uploads\/2025\/11\/3-1-225x300.jpg 225w, https:\/\/spprzyjma.edu.pl\/wp-content\/uploads\/2025\/11\/3-1-1152x1536.jpg 1152w, https:\/\/spprzyjma.edu.pl\/wp-content\/uploads\/2025\/11\/3-1.jpg 1536w\" sizes=\"(max-width: 768px) 100vw, 768px\" \/><\/figure>\n\n\n\n<figure class=\"wp-block-image size-large\"><img loading=\"lazy\" decoding=\"async\" width=\"1024\" height=\"768\" data-id=\"8721\" src=\"https:\/\/spprzyjma.edu.pl\/wp-content\/uploads\/2025\/11\/4-1-1024x768.jpg\" alt=\"\" class=\"wp-image-8721\" srcset=\"https:\/\/spprzyjma.edu.pl\/wp-content\/uploads\/2025\/11\/4-1-1024x768.jpg 1024w, https:\/\/spprzyjma.edu.pl\/wp-content\/uploads\/2025\/11\/4-1-300x225.jpg 300w, https:\/\/spprzyjma.edu.pl\/wp-content\/uploads\/2025\/11\/4-1-768x576.jpg 768w, https:\/\/spprzyjma.edu.pl\/wp-content\/uploads\/2025\/11\/4-1-1536x1152.jpg 1536w, https:\/\/spprzyjma.edu.pl\/wp-content\/uploads\/2025\/11\/4-1.jpg 2048w\" sizes=\"(max-width: 1024px) 100vw, 1024px\" \/><\/figure>\n<\/figure>\n\n\n\n<figure class=\"wp-block-image size-large\"><img loading=\"lazy\" decoding=\"async\" width=\"1024\" height=\"768\" src=\"https:\/\/spprzyjma.edu.pl\/wp-content\/uploads\/2025\/11\/5-1024x768.jpg\" alt=\"\" class=\"wp-image-8723\" srcset=\"https:\/\/spprzyjma.edu.pl\/wp-content\/uploads\/2025\/11\/5-1024x768.jpg 1024w, https:\/\/spprzyjma.edu.pl\/wp-content\/uploads\/2025\/11\/5-300x225.jpg 300w, https:\/\/spprzyjma.edu.pl\/wp-content\/uploads\/2025\/11\/5-768x576.jpg 768w, https:\/\/spprzyjma.edu.pl\/wp-content\/uploads\/2025\/11\/5-1536x1152.jpg 1536w, https:\/\/spprzyjma.edu.pl\/wp-content\/uploads\/2025\/11\/5.jpg 2048w\" sizes=\"(max-width: 1024px) 100vw, 1024px\" \/><\/figure>\n\n\n\n<figure class=\"wp-block-image size-large\"><img loading=\"lazy\" decoding=\"async\" width=\"768\" height=\"1024\" src=\"https:\/\/spprzyjma.edu.pl\/wp-content\/uploads\/2025\/11\/6-768x1024.jpg\" alt=\"\" class=\"wp-image-8724\" srcset=\"https:\/\/spprzyjma.edu.pl\/wp-content\/uploads\/2025\/11\/6-768x1024.jpg 768w, https:\/\/spprzyjma.edu.pl\/wp-content\/uploads\/2025\/11\/6-225x300.jpg 225w, https:\/\/spprzyjma.edu.pl\/wp-content\/uploads\/2025\/11\/6-1152x1536.jpg 1152w, https:\/\/spprzyjma.edu.pl\/wp-content\/uploads\/2025\/11\/6.jpg 1536w\" sizes=\"(max-width: 768px) 100vw, 768px\" \/><\/figure>\n\n\n\n<figure class=\"wp-block-image size-large\"><img loading=\"lazy\" decoding=\"async\" width=\"768\" height=\"1024\" src=\"https:\/\/spprzyjma.edu.pl\/wp-content\/uploads\/2025\/11\/7-768x1024.jpg\" alt=\"\" class=\"wp-image-8726\" srcset=\"https:\/\/spprzyjma.edu.pl\/wp-content\/uploads\/2025\/11\/7-768x1024.jpg 768w, https:\/\/spprzyjma.edu.pl\/wp-content\/uploads\/2025\/11\/7-225x300.jpg 225w, https:\/\/spprzyjma.edu.pl\/wp-content\/uploads\/2025\/11\/7-1152x1536.jpg 1152w, https:\/\/spprzyjma.edu.pl\/wp-content\/uploads\/2025\/11\/7.jpg 1536w\" sizes=\"(max-width: 768px) 100vw, 768px\" \/><\/figure>\n","protected":false},"excerpt":{"rendered":"<p>Jako szko\u0142a im. Marii Sk\u0142odowskiej &#8211; Curie pragniemy rozwija\u0107 u uczni\u00f3w zainteresowanie chemi\u0105 i fizyk\u0105, dlatego organizujemy 7 listopada (w dniu urodzin Marii Sk\u0142odowskiej &#8211;&hellip;<\/p>\n","protected":false},"author":1,"featured_media":0,"parent":0,"menu_order":0,"comment_status":"closed","ping_status":"closed","template":"","meta":{"footnotes":""},"_links":{"self":[{"href":"https:\/\/spprzyjma.edu.pl\/index.php\/wp-json\/wp\/v2\/pages\/3951"}],"collection":[{"href":"https:\/\/spprzyjma.edu.pl\/index.php\/wp-json\/wp\/v2\/pages"}],"about":[{"href":"https:\/\/spprzyjma.edu.pl\/index.php\/wp-json\/wp\/v2\/types\/page"}],"author":[{"embeddable":true,"href":"https:\/\/spprzyjma.edu.pl\/index.php\/wp-json\/wp\/v2\/users\/1"}],"replies":[{"embeddable":true,"href":"https:\/\/spprzyjma.edu.pl\/index.php\/wp-json\/wp\/v2\/comments?post=3951"}],"version-history":[{"count":14,"href":"https:\/\/spprzyjma.edu.pl\/index.php\/wp-json\/wp\/v2\/pages\/3951\/revisions"}],"predecessor-version":[{"id":8728,"href":"https:\/\/spprzyjma.edu.pl\/index.php\/wp-json\/wp\/v2\/pages\/3951\/revisions\/8728"}],"wp:attachment":[{"href":"https:\/\/spprzyjma.edu.pl\/index.php\/wp-json\/wp\/v2\/media?parent=3951"}],"curies":[{"name":"wp","href":"https:\/\/api.w.org\/{rel}","templated":true}]}}