{"id":3306,"date":"2023-10-18T15:24:54","date_gmt":"2023-10-18T13:24:54","guid":{"rendered":"https:\/\/spprzyjma.edu.pl\/?page_id=3306"},"modified":"2023-10-30T12:41:24","modified_gmt":"2023-10-30T11:41:24","slug":"szkola-po-remoncie","status":"publish","type":"page","link":"https:\/\/spprzyjma.edu.pl\/index.php\/szkola-po-remoncie\/","title":{"rendered":"Termomodernizacja szko\u0142y"},"content":{"rendered":"\n<p>Zosta\u0142a  zako\u0144czona inwestycja zwi\u0105zana ze zwi\u0119kszeniem efektywno\u015bci energetycznej szko\u0142y  w Przyjmie. <br>W ramach  prac  zmodernizowany zosta\u0142   system przygotowania ciep\u0142ej wody u\u017cytkowej, system grzewczy i wykonana zosta\u0142a instalacja wentylacji nawiewno-wywiewnej z odzyskaniem ciep\u0142a i wymian\u0105 o\u015bwietlenia na LED. Na budynku podstaw\u00f3wki zosta\u0142a zainstalowana fotowoltaika o mocy 18,15 kWp.<\/p>\n\n\n\n<p>Decyzj\u0105 Zarz\u0105du Wojew\u00f3dztwa Wielkopolskiego, gmina Golina otrzyma\u0142a ponad 2 mln z\u0142 dofinansowania w ramach Wielkopolskiego Regionalnego Programu Operacyjnego na lata 2014 \u2013 2020 na termomodernizacj\u0119 szko\u0142y w Przyjmie.<\/p>\n\n\n\n<div class=\"wp-block-file\"><a href=\"https:\/\/spprzyjma.edu.pl\/wp-content\/uploads\/2023\/10\/prezentacja.pdf\" target=\"_blank\" rel=\"noreferrer noopener\">Termomodernizacja &#8211; prezentacja<\/a><\/div>\n\n\n\n<figure class=\"wp-block-gallery columns-3 is-cropped wp-block-gallery-1 is-layout-flex wp-block-gallery-is-layout-flex\"><ul class=\"blocks-gallery-grid\"><li class=\"blocks-gallery-item\"><figure><a href=\"https:\/\/spprzyjma.edu.pl\/wp-content\/uploads\/2023\/10\/IMG_3774-scaled.jpg\"><img loading=\"lazy\" decoding=\"async\" width=\"1024\" height=\"683\" src=\"https:\/\/spprzyjma.edu.pl\/wp-content\/uploads\/2023\/10\/IMG_3774-1024x683.jpg\" alt=\"\" data-id=\"3311\" data-full-url=\"https:\/\/spprzyjma.edu.pl\/wp-content\/uploads\/2023\/10\/IMG_3774-scaled.jpg\" data-link=\"https:\/\/spprzyjma.edu.pl\/?attachment_id=3311\" class=\"wp-image-3311\" srcset=\"https:\/\/spprzyjma.edu.pl\/wp-content\/uploads\/2023\/10\/IMG_3774-1024x683.jpg 1024w, https:\/\/spprzyjma.edu.pl\/wp-content\/uploads\/2023\/10\/IMG_3774-300x200.jpg 300w, https:\/\/spprzyjma.edu.pl\/wp-content\/uploads\/2023\/10\/IMG_3774-768x512.jpg 768w, https:\/\/spprzyjma.edu.pl\/wp-content\/uploads\/2023\/10\/IMG_3774-1536x1024.jpg 1536w, https:\/\/spprzyjma.edu.pl\/wp-content\/uploads\/2023\/10\/IMG_3774-2048x1365.jpg 2048w\" sizes=\"(max-width: 1024px) 100vw, 1024px\" \/><\/a><\/figure><\/li><li class=\"blocks-gallery-item\"><figure><a href=\"https:\/\/spprzyjma.edu.pl\/wp-content\/uploads\/2023\/10\/IMG_3814-scaled.jpg\"><img loading=\"lazy\" decoding=\"async\" width=\"1024\" height=\"683\" src=\"https:\/\/spprzyjma.edu.pl\/wp-content\/uploads\/2023\/10\/IMG_3814-1024x683.jpg\" alt=\"\" data-id=\"3308\" data-full-url=\"https:\/\/spprzyjma.edu.pl\/wp-content\/uploads\/2023\/10\/IMG_3814-scaled.jpg\" data-link=\"https:\/\/spprzyjma.edu.pl\/?attachment_id=3308\" class=\"wp-image-3308\" srcset=\"https:\/\/spprzyjma.edu.pl\/wp-content\/uploads\/2023\/10\/IMG_3814-1024x683.jpg 1024w, https:\/\/spprzyjma.edu.pl\/wp-content\/uploads\/2023\/10\/IMG_3814-300x200.jpg 300w, https:\/\/spprzyjma.edu.pl\/wp-content\/uploads\/2023\/10\/IMG_3814-768x512.jpg 768w, https:\/\/spprzyjma.edu.pl\/wp-content\/uploads\/2023\/10\/IMG_3814-1536x1024.jpg 1536w, https:\/\/spprzyjma.edu.pl\/wp-content\/uploads\/2023\/10\/IMG_3814-2048x1365.jpg 2048w\" sizes=\"(max-width: 1024px) 100vw, 1024px\" \/><\/a><\/figure><\/li><li class=\"blocks-gallery-item\"><figure><a href=\"https:\/\/spprzyjma.edu.pl\/wp-content\/uploads\/2023\/10\/IMG_3839-scaled.jpg\"><img loading=\"lazy\" decoding=\"async\" width=\"1024\" height=\"683\" src=\"https:\/\/spprzyjma.edu.pl\/wp-content\/uploads\/2023\/10\/IMG_3839-1024x683.jpg\" alt=\"\" data-id=\"3307\" data-full-url=\"https:\/\/spprzyjma.edu.pl\/wp-content\/uploads\/2023\/10\/IMG_3839-scaled.jpg\" data-link=\"https:\/\/spprzyjma.edu.pl\/?attachment_id=3307\" class=\"wp-image-3307\" srcset=\"https:\/\/spprzyjma.edu.pl\/wp-content\/uploads\/2023\/10\/IMG_3839-1024x683.jpg 1024w, https:\/\/spprzyjma.edu.pl\/wp-content\/uploads\/2023\/10\/IMG_3839-300x200.jpg 300w, https:\/\/spprzyjma.edu.pl\/wp-content\/uploads\/2023\/10\/IMG_3839-768x512.jpg 768w, https:\/\/spprzyjma.edu.pl\/wp-content\/uploads\/2023\/10\/IMG_3839-1536x1024.jpg 1536w, https:\/\/spprzyjma.edu.pl\/wp-content\/uploads\/2023\/10\/IMG_3839-2048x1365.jpg 2048w\" sizes=\"(max-width: 1024px) 100vw, 1024px\" \/><\/a><\/figure><\/li><li class=\"blocks-gallery-item\"><figure><a href=\"https:\/\/spprzyjma.edu.pl\/wp-content\/uploads\/2023\/10\/IMG_3800-scaled.jpg\"><img loading=\"lazy\" decoding=\"async\" width=\"1024\" height=\"683\" src=\"https:\/\/spprzyjma.edu.pl\/wp-content\/uploads\/2023\/10\/IMG_3800-1024x683.jpg\" alt=\"\" data-id=\"3309\" data-full-url=\"https:\/\/spprzyjma.edu.pl\/wp-content\/uploads\/2023\/10\/IMG_3800-scaled.jpg\" data-link=\"https:\/\/spprzyjma.edu.pl\/?attachment_id=3309\" class=\"wp-image-3309\" srcset=\"https:\/\/spprzyjma.edu.pl\/wp-content\/uploads\/2023\/10\/IMG_3800-1024x683.jpg 1024w, https:\/\/spprzyjma.edu.pl\/wp-content\/uploads\/2023\/10\/IMG_3800-300x200.jpg 300w, https:\/\/spprzyjma.edu.pl\/wp-content\/uploads\/2023\/10\/IMG_3800-768x512.jpg 768w, https:\/\/spprzyjma.edu.pl\/wp-content\/uploads\/2023\/10\/IMG_3800-1536x1024.jpg 1536w, https:\/\/spprzyjma.edu.pl\/wp-content\/uploads\/2023\/10\/IMG_3800-2048x1365.jpg 2048w\" sizes=\"(max-width: 1024px) 100vw, 1024px\" \/><\/a><\/figure><\/li><li class=\"blocks-gallery-item\"><figure><a href=\"https:\/\/spprzyjma.edu.pl\/wp-content\/uploads\/2023\/10\/IMG_3783-scaled.jpg\"><img loading=\"lazy\" decoding=\"async\" width=\"683\" height=\"1024\" src=\"https:\/\/spprzyjma.edu.pl\/wp-content\/uploads\/2023\/10\/IMG_3783-683x1024.jpg\" alt=\"\" data-id=\"3310\" data-full-url=\"https:\/\/spprzyjma.edu.pl\/wp-content\/uploads\/2023\/10\/IMG_3783-scaled.jpg\" data-link=\"https:\/\/spprzyjma.edu.pl\/?attachment_id=3310\" class=\"wp-image-3310\" srcset=\"https:\/\/spprzyjma.edu.pl\/wp-content\/uploads\/2023\/10\/IMG_3783-683x1024.jpg 683w, https:\/\/spprzyjma.edu.pl\/wp-content\/uploads\/2023\/10\/IMG_3783-200x300.jpg 200w, https:\/\/spprzyjma.edu.pl\/wp-content\/uploads\/2023\/10\/IMG_3783-768x1152.jpg 768w, https:\/\/spprzyjma.edu.pl\/wp-content\/uploads\/2023\/10\/IMG_3783-1024x1536.jpg 1024w, https:\/\/spprzyjma.edu.pl\/wp-content\/uploads\/2023\/10\/IMG_3783-1365x2048.jpg 1365w, https:\/\/spprzyjma.edu.pl\/wp-content\/uploads\/2023\/10\/IMG_3783-scaled.jpg 1707w\" sizes=\"(max-width: 683px) 100vw, 683px\" \/><\/a><\/figure><\/li><li class=\"blocks-gallery-item\"><figure><a href=\"https:\/\/spprzyjma.edu.pl\/wp-content\/uploads\/2023\/10\/IMG_3764-scaled.jpg\"><img loading=\"lazy\" decoding=\"async\" width=\"1024\" height=\"683\" src=\"https:\/\/spprzyjma.edu.pl\/wp-content\/uploads\/2023\/10\/IMG_3764-1024x683.jpg\" alt=\"\" data-id=\"3312\" data-full-url=\"https:\/\/spprzyjma.edu.pl\/wp-content\/uploads\/2023\/10\/IMG_3764-scaled.jpg\" data-link=\"https:\/\/spprzyjma.edu.pl\/?attachment_id=3312\" class=\"wp-image-3312\" srcset=\"https:\/\/spprzyjma.edu.pl\/wp-content\/uploads\/2023\/10\/IMG_3764-1024x683.jpg 1024w, https:\/\/spprzyjma.edu.pl\/wp-content\/uploads\/2023\/10\/IMG_3764-300x200.jpg 300w, https:\/\/spprzyjma.edu.pl\/wp-content\/uploads\/2023\/10\/IMG_3764-768x512.jpg 768w, https:\/\/spprzyjma.edu.pl\/wp-content\/uploads\/2023\/10\/IMG_3764-1536x1024.jpg 1536w, https:\/\/spprzyjma.edu.pl\/wp-content\/uploads\/2023\/10\/IMG_3764-2048x1365.jpg 2048w\" sizes=\"(max-width: 1024px) 100vw, 1024px\" \/><\/a><\/figure><\/li><li class=\"blocks-gallery-item\"><figure><a href=\"https:\/\/spprzyjma.edu.pl\/wp-content\/uploads\/2023\/10\/IMG_3758-scaled.jpg\"><img loading=\"lazy\" decoding=\"async\" width=\"1024\" height=\"683\" src=\"https:\/\/spprzyjma.edu.pl\/wp-content\/uploads\/2023\/10\/IMG_3758-1024x683.jpg\" alt=\"\" data-id=\"3313\" data-full-url=\"https:\/\/spprzyjma.edu.pl\/wp-content\/uploads\/2023\/10\/IMG_3758-scaled.jpg\" data-link=\"https:\/\/spprzyjma.edu.pl\/?attachment_id=3313\" class=\"wp-image-3313\" srcset=\"https:\/\/spprzyjma.edu.pl\/wp-content\/uploads\/2023\/10\/IMG_3758-1024x683.jpg 1024w, https:\/\/spprzyjma.edu.pl\/wp-content\/uploads\/2023\/10\/IMG_3758-300x200.jpg 300w, https:\/\/spprzyjma.edu.pl\/wp-content\/uploads\/2023\/10\/IMG_3758-768x512.jpg 768w, https:\/\/spprzyjma.edu.pl\/wp-content\/uploads\/2023\/10\/IMG_3758-1536x1024.jpg 1536w, https:\/\/spprzyjma.edu.pl\/wp-content\/uploads\/2023\/10\/IMG_3758-2048x1365.jpg 2048w\" sizes=\"(max-width: 1024px) 100vw, 1024px\" \/><\/a><\/figure><\/li><li class=\"blocks-gallery-item\"><figure><a href=\"https:\/\/spprzyjma.edu.pl\/wp-content\/uploads\/2023\/10\/IMG_3749-scaled.jpg\"><img loading=\"lazy\" decoding=\"async\" width=\"683\" height=\"1024\" src=\"https:\/\/spprzyjma.edu.pl\/wp-content\/uploads\/2023\/10\/IMG_3749-683x1024.jpg\" alt=\"\" data-id=\"3314\" data-full-url=\"https:\/\/spprzyjma.edu.pl\/wp-content\/uploads\/2023\/10\/IMG_3749-scaled.jpg\" data-link=\"https:\/\/spprzyjma.edu.pl\/?attachment_id=3314\" class=\"wp-image-3314\" srcset=\"https:\/\/spprzyjma.edu.pl\/wp-content\/uploads\/2023\/10\/IMG_3749-683x1024.jpg 683w, https:\/\/spprzyjma.edu.pl\/wp-content\/uploads\/2023\/10\/IMG_3749-200x300.jpg 200w, https:\/\/spprzyjma.edu.pl\/wp-content\/uploads\/2023\/10\/IMG_3749-768x1152.jpg 768w, https:\/\/spprzyjma.edu.pl\/wp-content\/uploads\/2023\/10\/IMG_3749-1024x1536.jpg 1024w, https:\/\/spprzyjma.edu.pl\/wp-content\/uploads\/2023\/10\/IMG_3749-1365x2048.jpg 1365w, https:\/\/spprzyjma.edu.pl\/wp-content\/uploads\/2023\/10\/IMG_3749-scaled.jpg 1707w\" sizes=\"(max-width: 683px) 100vw, 683px\" \/><\/a><\/figure><\/li><li class=\"blocks-gallery-item\"><figure><a href=\"https:\/\/spprzyjma.edu.pl\/wp-content\/uploads\/2023\/10\/IMG_3745-scaled.jpg\"><img loading=\"lazy\" decoding=\"async\" width=\"1024\" height=\"683\" src=\"https:\/\/spprzyjma.edu.pl\/wp-content\/uploads\/2023\/10\/IMG_3745-1024x683.jpg\" alt=\"\" data-id=\"3315\" data-full-url=\"https:\/\/spprzyjma.edu.pl\/wp-content\/uploads\/2023\/10\/IMG_3745-scaled.jpg\" data-link=\"https:\/\/spprzyjma.edu.pl\/?attachment_id=3315\" class=\"wp-image-3315\" srcset=\"https:\/\/spprzyjma.edu.pl\/wp-content\/uploads\/2023\/10\/IMG_3745-1024x683.jpg 1024w, https:\/\/spprzyjma.edu.pl\/wp-content\/uploads\/2023\/10\/IMG_3745-300x200.jpg 300w, https:\/\/spprzyjma.edu.pl\/wp-content\/uploads\/2023\/10\/IMG_3745-768x512.jpg 768w, https:\/\/spprzyjma.edu.pl\/wp-content\/uploads\/2023\/10\/IMG_3745-1536x1024.jpg 1536w, https:\/\/spprzyjma.edu.pl\/wp-content\/uploads\/2023\/10\/IMG_3745-2048x1365.jpg 2048w\" sizes=\"(max-width: 1024px) 100vw, 1024px\" \/><\/a><\/figure><\/li><li class=\"blocks-gallery-item\"><figure><a href=\"https:\/\/spprzyjma.edu.pl\/wp-content\/uploads\/2023\/10\/IMG_3743-scaled.jpg\"><img loading=\"lazy\" decoding=\"async\" width=\"683\" height=\"1024\" src=\"https:\/\/spprzyjma.edu.pl\/wp-content\/uploads\/2023\/10\/IMG_3743-683x1024.jpg\" alt=\"\" data-id=\"3316\" data-full-url=\"https:\/\/spprzyjma.edu.pl\/wp-content\/uploads\/2023\/10\/IMG_3743-scaled.jpg\" data-link=\"https:\/\/spprzyjma.edu.pl\/?attachment_id=3316\" class=\"wp-image-3316\" srcset=\"https:\/\/spprzyjma.edu.pl\/wp-content\/uploads\/2023\/10\/IMG_3743-683x1024.jpg 683w, https:\/\/spprzyjma.edu.pl\/wp-content\/uploads\/2023\/10\/IMG_3743-200x300.jpg 200w, https:\/\/spprzyjma.edu.pl\/wp-content\/uploads\/2023\/10\/IMG_3743-768x1152.jpg 768w, https:\/\/spprzyjma.edu.pl\/wp-content\/uploads\/2023\/10\/IMG_3743-1024x1536.jpg 1024w, https:\/\/spprzyjma.edu.pl\/wp-content\/uploads\/2023\/10\/IMG_3743-1365x2048.jpg 1365w, https:\/\/spprzyjma.edu.pl\/wp-content\/uploads\/2023\/10\/IMG_3743-scaled.jpg 1707w\" sizes=\"(max-width: 683px) 100vw, 683px\" \/><\/a><\/figure><\/li><li class=\"blocks-gallery-item\"><figure><a href=\"https:\/\/spprzyjma.edu.pl\/wp-content\/uploads\/2023\/10\/IMG_3740-scaled.jpg\"><img loading=\"lazy\" decoding=\"async\" width=\"1024\" height=\"683\" src=\"https:\/\/spprzyjma.edu.pl\/wp-content\/uploads\/2023\/10\/IMG_3740-1024x683.jpg\" alt=\"\" data-id=\"3317\" data-full-url=\"https:\/\/spprzyjma.edu.pl\/wp-content\/uploads\/2023\/10\/IMG_3740-scaled.jpg\" data-link=\"https:\/\/spprzyjma.edu.pl\/?attachment_id=3317\" class=\"wp-image-3317\" srcset=\"https:\/\/spprzyjma.edu.pl\/wp-content\/uploads\/2023\/10\/IMG_3740-1024x683.jpg 1024w, https:\/\/spprzyjma.edu.pl\/wp-content\/uploads\/2023\/10\/IMG_3740-300x200.jpg 300w, https:\/\/spprzyjma.edu.pl\/wp-content\/uploads\/2023\/10\/IMG_3740-768x512.jpg 768w, https:\/\/spprzyjma.edu.pl\/wp-content\/uploads\/2023\/10\/IMG_3740-1536x1024.jpg 1536w, https:\/\/spprzyjma.edu.pl\/wp-content\/uploads\/2023\/10\/IMG_3740-2048x1365.jpg 2048w\" sizes=\"(max-width: 1024px) 100vw, 1024px\" \/><\/a><\/figure><\/li><li class=\"blocks-gallery-item\"><figure><a href=\"https:\/\/spprzyjma.edu.pl\/wp-content\/uploads\/2023\/10\/IMG_3738-scaled.jpg\"><img loading=\"lazy\" decoding=\"async\" width=\"683\" height=\"1024\" src=\"https:\/\/spprzyjma.edu.pl\/wp-content\/uploads\/2023\/10\/IMG_3738-683x1024.jpg\" alt=\"\" data-id=\"3318\" data-full-url=\"https:\/\/spprzyjma.edu.pl\/wp-content\/uploads\/2023\/10\/IMG_3738-scaled.jpg\" data-link=\"https:\/\/spprzyjma.edu.pl\/?attachment_id=3318\" class=\"wp-image-3318\" srcset=\"https:\/\/spprzyjma.edu.pl\/wp-content\/uploads\/2023\/10\/IMG_3738-683x1024.jpg 683w, https:\/\/spprzyjma.edu.pl\/wp-content\/uploads\/2023\/10\/IMG_3738-200x300.jpg 200w, https:\/\/spprzyjma.edu.pl\/wp-content\/uploads\/2023\/10\/IMG_3738-768x1152.jpg 768w, https:\/\/spprzyjma.edu.pl\/wp-content\/uploads\/2023\/10\/IMG_3738-1024x1536.jpg 1024w, https:\/\/spprzyjma.edu.pl\/wp-content\/uploads\/2023\/10\/IMG_3738-1365x2048.jpg 1365w, https:\/\/spprzyjma.edu.pl\/wp-content\/uploads\/2023\/10\/IMG_3738-scaled.jpg 1707w\" sizes=\"(max-width: 683px) 100vw, 683px\" \/><\/a><\/figure><\/li><\/ul><\/figure>\n","protected":false},"excerpt":{"rendered":"<p>Zosta\u0142a zako\u0144czona inwestycja zwi\u0105zana ze zwi\u0119kszeniem efektywno\u015bci energetycznej szko\u0142y w Przyjmie. W ramach prac zmodernizowany zosta\u0142 system przygotowania ciep\u0142ej wody u\u017cytkowej, system grzewczy i wykonana&hellip;<\/p>\n","protected":false},"author":1,"featured_media":0,"parent":0,"menu_order":0,"comment_status":"closed","ping_status":"closed","template":"","meta":{"footnotes":""},"_links":{"self":[{"href":"https:\/\/spprzyjma.edu.pl\/index.php\/wp-json\/wp\/v2\/pages\/3306"}],"collection":[{"href":"https:\/\/spprzyjma.edu.pl\/index.php\/wp-json\/wp\/v2\/pages"}],"about":[{"href":"https:\/\/spprzyjma.edu.pl\/index.php\/wp-json\/wp\/v2\/types\/page"}],"author":[{"embeddable":true,"href":"https:\/\/spprzyjma.edu.pl\/index.php\/wp-json\/wp\/v2\/users\/1"}],"replies":[{"embeddable":true,"href":"https:\/\/spprzyjma.edu.pl\/index.php\/wp-json\/wp\/v2\/comments?post=3306"}],"version-history":[{"count":6,"href":"https:\/\/spprzyjma.edu.pl\/index.php\/wp-json\/wp\/v2\/pages\/3306\/revisions"}],"predecessor-version":[{"id":3493,"href":"https:\/\/spprzyjma.edu.pl\/index.php\/wp-json\/wp\/v2\/pages\/3306\/revisions\/3493"}],"wp:attachment":[{"href":"https:\/\/spprzyjma.edu.pl\/index.php\/wp-json\/wp\/v2\/media?parent=3306"}],"curies":[{"name":"wp","href":"https:\/\/api.w.org\/{rel}","templated":true}]}}