{"id":3115,"date":"2023-09-18T20:41:49","date_gmt":"2023-09-18T18:41:49","guid":{"rendered":"https:\/\/spprzyjma.edu.pl\/?page_id=3115"},"modified":"2023-09-18T20:43:11","modified_gmt":"2023-09-18T18:43:11","slug":"spis-lektur","status":"publish","type":"page","link":"https:\/\/spprzyjma.edu.pl\/index.php\/spis-lektur\/","title":{"rendered":"Spis lektur"},"content":{"rendered":"\n<p><strong>Spis lektur<\/strong><\/p>\n\n\n\n<figure class=\"wp-block-image size-medium\"><img loading=\"lazy\" decoding=\"async\" width=\"300\" height=\"246\" src=\"https:\/\/spprzyjma.edu.pl\/wp-content\/uploads\/2023\/09\/lektury-300x246.jpg\" alt=\"Czytanie Dzieci Zdj\u0119cia - darmowe pobieranie na Freepik\" class=\"wp-image-3116\" srcset=\"https:\/\/spprzyjma.edu.pl\/wp-content\/uploads\/2023\/09\/lektury-300x246.jpg 300w, https:\/\/spprzyjma.edu.pl\/wp-content\/uploads\/2023\/09\/lektury.jpg 626w\" sizes=\"(max-width: 300px) 100vw, 300px\" \/><\/figure>\n\n\n\n<p><strong>Klasa\nIV<\/strong><\/p>\n\n\n\n<figure class=\"wp-block-table\"><table class=\"\"><tbody><tr><td>\n  <strong>pa\u017adziernik<\/strong>\n  <\/td><td>\n  J.\n  Brzechwa, <em>Akademia Pana Kleksa<\/em>\n  <\/td><\/tr><tr><td>\n  <strong>listopad\/grudzie\u0144<\/strong>\n  <\/td><td>\n  C.\n  Steples Lewis, <em>Opowie\u015bci z Narnii. Lew,\n  Czarownica i stara szafa<\/em>\n  <\/td><\/tr><tr><td>\n  <strong>luty<\/strong>\n  <\/td><td>\n  R.\n  Go\u015bcinny, J.J. Sempe, <em>Miko\u0142ajek<\/em>\n  <\/td><\/tr><tr><td>\n  <strong>marzec<\/strong>\n  <\/td><td>\n  B.\n  Prus, <em>Katarynka<\/em>\n  <\/td><\/tr><tr><td>\n  <strong>kwiecie\u0144<\/strong>\n  <\/td><td>\n  Wybrane\n  ba\u015bnie polskie\n  <\/td><\/tr><tr><td>\n  <strong>maj<\/strong>\n  <\/td><td>\n  J.\n  Christa, <em>Kajko i Kokosz. Szko\u0142a latania<\/em>\n  <\/td><\/tr><tr><td>\n  <strong>czerwiec<\/strong>\n  <\/td><td>\n  R.\n  Dahl, <em>Charlie i fabryka czekolady<\/em>\n  <\/td><\/tr><\/tbody><\/table><\/figure>\n\n\n\n<p><strong>Klasa\nV<\/strong><\/p>\n\n\n\n<figure class=\"wp-block-table\"><table class=\"\"><tbody><tr><td>\n  pa\u017adziernik\n  <\/td><td>\n  F.\n  Molnar, <em>Ch\u0142opcy z Placu Broni<\/em>\n  <\/td><\/tr><tr><td>\n  grudzie\u0144\/\n  stycze\u0144\n  <\/td><td>\n  Wybrane\n  legendy polskie\n  <\/td><\/tr><tr><td>\n  luty\n  <\/td><td>\n  Wybrane\n  mity\n  <\/td><\/tr><tr><td>\n  marzec\n  <\/td><td>\n  H.\n  Sienkiewicz, <em>Janko muzykant<\/em>\n  <\/td><\/tr><tr><td>\n  maj\n  <\/td><td>\n  M.\n  Twain, <em>Przygody Tomka Sawyera<\/em>\n  <\/td><\/tr><tr><td>\n  czerwiec\n  <\/td><td>\n  Ekranizacja\n  wybranej lektury\n  <\/td><\/tr><\/tbody><\/table><\/figure>\n\n\n\n<p><strong>Klasa\nVI<\/strong><\/p>\n\n\n\n<figure class=\"wp-block-table\"><table class=\"\"><tbody><tr><td>\n  wrzesie\u0144\/\n  pa\u017adziernik\n  <\/td><td>\n  J.K.\n  Rowling, <em>Harry Potter i kamie\u0144\n  filozoficzny<\/em>\n  <\/td><\/tr><tr><td>\n  listopad\n  <\/td><td>\n  I.Krasicki,\n  <em>Bajki<\/em>\n  A.\n  Fredro, <em>dzie\u0142a wybrane<\/em>\n  J.\n  Brzechwa, <em>dzie\u0142a wybrane<\/em>\n  <\/td><\/tr><tr><td>\n  grudzie\u0144\n  <\/td><td>\n  H.\n  Sienkiewicz, <em>W pustyni i w puszczy<\/em>\n  <\/td><\/tr><tr><td>\n  luty\n  <\/td><td>\n  J.R.R.\n  Tolkien, <em>Hobbit, czyli tam i z powrotem<\/em>\n  <\/td><\/tr><tr><td>\n  kwiecie\u0144\n  <\/td><td>\n  R.\n  Kosik, <em>Felix, Net i Nika oraz Gang\n  Niewidzialnych Ludzi<\/em>\n  <\/td><\/tr><tr><td>\n  maj\n  <\/td><td>\n  Biblia\n  (fr.)\n  Wybrane\n  mity\n  <\/td><\/tr><\/tbody><\/table><\/figure>\n\n\n\n<p><strong>Klasa\nVII<\/strong><\/p>\n\n\n\n<figure class=\"wp-block-table\"><table class=\"\"><tbody><tr><td>\n  wrzesie\u0144\n  <\/td><td>\n  E.\n  Hemingway, <em>Stary cz\u0142owiek i morze<\/em>\n  A.De\n  Saint Exupery, <em>Ma\u0142y Ksi\u0105\u017c\u0119<\/em>\n  <\/td><\/tr><tr><td>\n  pa\u017adziernik\n  <\/td><td>\n  J.\n  S\u0142owacki, <em>Balladyna<\/em>\n  <em>Stowarzyszenie umar\u0142ych\n  poet\u00f3w<\/em> (film)\n  <\/td><\/tr><tr><td>\n  listopad\n  <\/td><td>\n  I.Krasicki,\n  <em>\u017bona modna<\/em>\n  <\/td><\/tr><tr><td>\n  grudzie\u0144\n  <\/td><td>\n  A.Fredro,\n  <em>Zemsta<\/em>\n  Ch.\n  Dickens, <em>Opowie\u015b\u0107 wigilijna<\/em>\n  <\/td><\/tr><tr><td>\n  stycze\u0144\n  <\/td><td>\n  H.\n  Sinkiewicz, <em>Latarnik<\/em>\n  <\/td><\/tr><tr><td>\n  marzec\n  <\/td><td>\n  A.Mickiewicz, <em>Dziady cz. II&nbsp;&nbsp;&nbsp;&nbsp;&nbsp;&nbsp;&nbsp;&nbsp;&nbsp;&nbsp; <\/em>\n  <\/td><\/tr><tr><td>\n  kwiecie\u0144\n  <\/td><td>\n  S. \u017beromski, <em>Syzyfowe prace<\/em>\n  <\/td><\/tr><tr><td>\n  maj\/\n  czerwiec\n  <\/td><td>\n  A.Christie,\n  <em>Morderstwo w Orient Expressie<\/em>\n  <\/td><\/tr><\/tbody><\/table><\/figure>\n\n\n\n<p><strong>Klasa\nVIII<\/strong><\/p>\n\n\n\n<figure class=\"wp-block-table\"><table class=\"\"><tbody><tr><td>\n  wrzesie\u0144\n  <\/td><td>\n  A.Kami\u0144ski,\n  <em>Kamienie na szaniec<\/em>\n  <\/td><\/tr><tr><td>\n  pa\u017adziernik\n  <\/td><td>\n  A.Mickiewicz,\n  <em>\u015amier\u0107 pu\u0142kownika<\/em>\n  A.Mickiewicz,\n  <em>Reduta Ordona<\/em>\n  C.K.\n  Norwid, <em>Moja Piosnka II<\/em>\n  <\/td><\/tr><tr><td>\n  listopad\/grudzie\u0144\n  <\/td><td>\n  A.Mickiewicz,\n  <em>Pan Tadeusz<\/em>\n  <\/td><\/tr><tr><td>\n  stycze\u0144\n  <\/td><td>\n  H.\n  Sienkiewicz,<em> Latarnik<\/em>\n  <\/td><\/tr><tr><td>\n  luty\n  <\/td><td>\n  H.\n  Sienkiewicz, <em>Quo vadis<\/em>\n  <\/td><\/tr><tr><td>\n  marzec\n  <\/td><td>\n  M.\n  Wa\u0144kowicz, <em>T\u0119dy i ow\u0119dy<\/em>\n  M.\n  Wa\u0144kowicz, <em>Ziele na kraterze<\/em>\n  <\/td><\/tr><tr><td>\n  kwiecie\u0144\n  <\/td><td>\n  S.\n  Mro\u017cek, <em>Artysta<\/em>\n  <\/td><\/tr><tr><td>\n  Maj\/\n  czerwiec\n  <\/td><td>\n  Lektura\n  wybrana przez uczni\u00f3w\/ ekranizacja\n  <\/td><\/tr><\/tbody><\/table><\/figure>\n","protected":false},"excerpt":{"rendered":"<p>Spis lektur Klasa IV pa\u017adziernik J. Brzechwa, Akademia Pana Kleksa listopad\/grudzie\u0144 C. Steples Lewis, Opowie\u015bci z Narnii. Lew, Czarownica i stara szafa luty R. Go\u015bcinny,&hellip;<\/p>\n","protected":false},"author":1,"featured_media":0,"parent":0,"menu_order":0,"comment_status":"closed","ping_status":"closed","template":"","meta":{"footnotes":""},"_links":{"self":[{"href":"https:\/\/spprzyjma.edu.pl\/index.php\/wp-json\/wp\/v2\/pages\/3115"}],"collection":[{"href":"https:\/\/spprzyjma.edu.pl\/index.php\/wp-json\/wp\/v2\/pages"}],"about":[{"href":"https:\/\/spprzyjma.edu.pl\/index.php\/wp-json\/wp\/v2\/types\/page"}],"author":[{"embeddable":true,"href":"https:\/\/spprzyjma.edu.pl\/index.php\/wp-json\/wp\/v2\/users\/1"}],"replies":[{"embeddable":true,"href":"https:\/\/spprzyjma.edu.pl\/index.php\/wp-json\/wp\/v2\/comments?post=3115"}],"version-history":[{"count":1,"href":"https:\/\/spprzyjma.edu.pl\/index.php\/wp-json\/wp\/v2\/pages\/3115\/revisions"}],"predecessor-version":[{"id":3118,"href":"https:\/\/spprzyjma.edu.pl\/index.php\/wp-json\/wp\/v2\/pages\/3115\/revisions\/3118"}],"wp:attachment":[{"href":"https:\/\/spprzyjma.edu.pl\/index.php\/wp-json\/wp\/v2\/media?parent=3115"}],"curies":[{"name":"wp","href":"https:\/\/api.w.org\/{rel}","templated":true}]}}