{"id":3064,"date":"2023-09-13T21:55:44","date_gmt":"2023-09-13T19:55:44","guid":{"rendered":"https:\/\/spprzyjma.edu.pl\/?page_id=3064"},"modified":"2024-03-02T21:16:40","modified_gmt":"2024-03-02T20:16:40","slug":"biblioteka","status":"publish","type":"page","link":"https:\/\/spprzyjma.edu.pl\/index.php\/biblioteka\/","title":{"rendered":"Biblioteka"},"content":{"rendered":"\n<p><strong>Godziny pracy biblioteki<\/strong><\/p>\n\n\n\n<figure class=\"wp-block-table\"><table><tbody><tr><td>\n  <strong>Dzie\u0144 tygodnia<\/strong>\n  <\/td><td>\n  <strong>Godzina<\/strong>\n  <strong>&nbsp;<\/strong>\n  <\/td><\/tr><tr><td>\n  Poniedzia\u0142ek\n  <\/td><td>\n  11<sup>30<\/sup> \u2013 12<sup>30<\/sup>\n  &nbsp;\n  <\/td><\/tr><tr><td>\n  Wtorek\n  <\/td><td>\n  8<sup>30<\/sup> \u2013 9<sup>15<\/sup>\n  &nbsp;\n  <\/td><\/tr><tr><td>\n  \u015aroda\n  <\/td><td>\n  12<sup>30<\/sup> \u2013 14<sup>45<\/sup>\n  <sup>&nbsp;<\/sup>\n  <\/td><\/tr><tr><td>\n  Czwartek\n  <\/td><td>\n  10<sup>00<\/sup> \u2013 11<sup>00<\/sup>\n  &nbsp;\n  <\/td><\/tr><tr><td>\n  Pi\u0105tek\n  <\/td><td>\n  13<sup>05<\/sup> \u2013 14<sup>05<\/sup>\n  <sup>&nbsp;<\/sup>\n  <sup>&nbsp;<\/sup>\n  <sup>&nbsp;<\/sup>\n  <\/td><\/tr><\/tbody><\/table><figcaption class=\"wp-element-caption\">Dzie\u0144 Kubusia Puchatka<\/figcaption><\/figure>\n\n\n\n<figure class=\"wp-block-gallery has-nested-images columns-default is-cropped wp-block-gallery-1 is-layout-flex wp-block-gallery-is-layout-flex\">\n<figure class=\"wp-block-image size-large\"><img loading=\"lazy\" decoding=\"async\" width=\"576\" height=\"1024\" data-id=\"3662\" src=\"https:\/\/spprzyjma.edu.pl\/wp-content\/uploads\/2023\/11\/403736316_783666040437676_3414684131996290597_n-576x1024.jpg\" alt=\"\" class=\"wp-image-3662\" srcset=\"https:\/\/spprzyjma.edu.pl\/wp-content\/uploads\/2023\/11\/403736316_783666040437676_3414684131996290597_n-576x1024.jpg 576w, https:\/\/spprzyjma.edu.pl\/wp-content\/uploads\/2023\/11\/403736316_783666040437676_3414684131996290597_n-169x300.jpg 169w, https:\/\/spprzyjma.edu.pl\/wp-content\/uploads\/2023\/11\/403736316_783666040437676_3414684131996290597_n-768x1365.jpg 768w, https:\/\/spprzyjma.edu.pl\/wp-content\/uploads\/2023\/11\/403736316_783666040437676_3414684131996290597_n-864x1536.jpg 864w, https:\/\/spprzyjma.edu.pl\/wp-content\/uploads\/2023\/11\/403736316_783666040437676_3414684131996290597_n.jpg 1152w\" sizes=\"(max-width: 576px) 100vw, 576px\" \/><\/figure>\n\n\n\n<figure class=\"wp-block-image size-large\"><img loading=\"lazy\" decoding=\"async\" width=\"577\" height=\"1024\" data-id=\"3660\" src=\"https:\/\/spprzyjma.edu.pl\/wp-content\/uploads\/2023\/11\/403854640_783666173770996_8399132369797472708_n-577x1024.jpg\" alt=\"\" class=\"wp-image-3660\" srcset=\"https:\/\/spprzyjma.edu.pl\/wp-content\/uploads\/2023\/11\/403854640_783666173770996_8399132369797472708_n-577x1024.jpg 577w, https:\/\/spprzyjma.edu.pl\/wp-content\/uploads\/2023\/11\/403854640_783666173770996_8399132369797472708_n-169x300.jpg 169w, https:\/\/spprzyjma.edu.pl\/wp-content\/uploads\/2023\/11\/403854640_783666173770996_8399132369797472708_n-768x1363.jpg 768w, https:\/\/spprzyjma.edu.pl\/wp-content\/uploads\/2023\/11\/403854640_783666173770996_8399132369797472708_n-866x1536.jpg 866w, https:\/\/spprzyjma.edu.pl\/wp-content\/uploads\/2023\/11\/403854640_783666173770996_8399132369797472708_n.jpg 1154w\" sizes=\"(max-width: 577px) 100vw, 577px\" \/><\/figure>\n\n\n\n<figure class=\"wp-block-image size-large\"><img loading=\"lazy\" decoding=\"async\" width=\"577\" height=\"1024\" data-id=\"3661\" src=\"https:\/\/spprzyjma.edu.pl\/wp-content\/uploads\/2023\/11\/403762253_783666130437667_2523568213444782910_n-577x1024.jpg\" alt=\"\" class=\"wp-image-3661\" srcset=\"https:\/\/spprzyjma.edu.pl\/wp-content\/uploads\/2023\/11\/403762253_783666130437667_2523568213444782910_n-577x1024.jpg 577w, https:\/\/spprzyjma.edu.pl\/wp-content\/uploads\/2023\/11\/403762253_783666130437667_2523568213444782910_n-169x300.jpg 169w, https:\/\/spprzyjma.edu.pl\/wp-content\/uploads\/2023\/11\/403762253_783666130437667_2523568213444782910_n-768x1363.jpg 768w, https:\/\/spprzyjma.edu.pl\/wp-content\/uploads\/2023\/11\/403762253_783666130437667_2523568213444782910_n-866x1536.jpg 866w, https:\/\/spprzyjma.edu.pl\/wp-content\/uploads\/2023\/11\/403762253_783666130437667_2523568213444782910_n.jpg 1154w\" sizes=\"(max-width: 577px) 100vw, 577px\" \/><\/figure>\n<\/figure>\n\n\n\n<div class=\"wp-block-group is-layout-constrained wp-block-group-is-layout-constrained\"><div class=\"wp-block-group__inner-container\">\n<figure class=\"wp-block-gallery has-nested-images columns-default is-cropped wp-block-gallery-2 is-layout-flex wp-block-gallery-is-layout-flex\">\n<figure class=\"wp-block-image size-large\"><img loading=\"lazy\" decoding=\"async\" width=\"1024\" height=\"576\" src=\"https:\/\/spprzyjma.edu.pl\/wp-content\/uploads\/2023\/11\/398560786_774909651313315_7517301484339543267_n-1024x576.jpg\" alt=\"\" class=\"wp-image-3537\" srcset=\"https:\/\/spprzyjma.edu.pl\/wp-content\/uploads\/2023\/11\/398560786_774909651313315_7517301484339543267_n-1024x576.jpg 1024w, https:\/\/spprzyjma.edu.pl\/wp-content\/uploads\/2023\/11\/398560786_774909651313315_7517301484339543267_n-300x169.jpg 300w, https:\/\/spprzyjma.edu.pl\/wp-content\/uploads\/2023\/11\/398560786_774909651313315_7517301484339543267_n-768x432.jpg 768w, https:\/\/spprzyjma.edu.pl\/wp-content\/uploads\/2023\/11\/398560786_774909651313315_7517301484339543267_n-1536x864.jpg 1536w, https:\/\/spprzyjma.edu.pl\/wp-content\/uploads\/2023\/11\/398560786_774909651313315_7517301484339543267_n.jpg 2048w\" sizes=\"(max-width: 1024px) 100vw, 1024px\" \/><\/figure>\n\n\n\n<figure class=\"wp-block-image size-large\"><img loading=\"lazy\" decoding=\"async\" width=\"461\" height=\"1024\" src=\"https:\/\/spprzyjma.edu.pl\/wp-content\/uploads\/2023\/11\/398407889_774915504646063_7314062138001595807_n-461x1024.jpg\" alt=\"\" class=\"wp-image-3533\" srcset=\"https:\/\/spprzyjma.edu.pl\/wp-content\/uploads\/2023\/11\/398407889_774915504646063_7314062138001595807_n-461x1024.jpg 461w, https:\/\/spprzyjma.edu.pl\/wp-content\/uploads\/2023\/11\/398407889_774915504646063_7314062138001595807_n-135x300.jpg 135w, https:\/\/spprzyjma.edu.pl\/wp-content\/uploads\/2023\/11\/398407889_774915504646063_7314062138001595807_n-691x1536.jpg 691w, https:\/\/spprzyjma.edu.pl\/wp-content\/uploads\/2023\/11\/398407889_774915504646063_7314062138001595807_n.jpg 720w\" sizes=\"(max-width: 461px) 100vw, 461px\" \/><\/figure>\n\n\n\n<figure class=\"wp-block-image size-large\"><img loading=\"lazy\" decoding=\"async\" width=\"461\" height=\"1024\" src=\"https:\/\/spprzyjma.edu.pl\/wp-content\/uploads\/2023\/11\/398556810_774919061312374_8206075799180668826_n-461x1024.jpg\" alt=\"\" class=\"wp-image-3527\" srcset=\"https:\/\/spprzyjma.edu.pl\/wp-content\/uploads\/2023\/11\/398556810_774919061312374_8206075799180668826_n-461x1024.jpg 461w, https:\/\/spprzyjma.edu.pl\/wp-content\/uploads\/2023\/11\/398556810_774919061312374_8206075799180668826_n-135x300.jpg 135w, https:\/\/spprzyjma.edu.pl\/wp-content\/uploads\/2023\/11\/398556810_774919061312374_8206075799180668826_n-691x1536.jpg 691w, https:\/\/spprzyjma.edu.pl\/wp-content\/uploads\/2023\/11\/398556810_774919061312374_8206075799180668826_n.jpg 720w\" sizes=\"(max-width: 461px) 100vw, 461px\" \/><figcaption class=\"wp-element-caption\">Dzie\u0144  Postaci z Bajek<\/figcaption><\/figure>\n<\/figure>\n<\/div><\/div>\n\n\n\n<figure class=\"wp-block-gallery has-nested-images columns-default is-cropped wp-block-gallery-3 is-layout-flex wp-block-gallery-is-layout-flex\">\n<figure class=\"wp-block-image size-large\"><img loading=\"lazy\" decoding=\"async\" width=\"1013\" height=\"1024\" data-id=\"3867\" src=\"https:\/\/spprzyjma.edu.pl\/wp-content\/uploads\/2023\/12\/407236719_657101339935363_7764829427097783445_n-1013x1024.jpg\" alt=\"\" class=\"wp-image-3867\" srcset=\"https:\/\/spprzyjma.edu.pl\/wp-content\/uploads\/2023\/12\/407236719_657101339935363_7764829427097783445_n-1013x1024.jpg 1013w, https:\/\/spprzyjma.edu.pl\/wp-content\/uploads\/2023\/12\/407236719_657101339935363_7764829427097783445_n-297x300.jpg 297w, https:\/\/spprzyjma.edu.pl\/wp-content\/uploads\/2023\/12\/407236719_657101339935363_7764829427097783445_n-768x776.jpg 768w, https:\/\/spprzyjma.edu.pl\/wp-content\/uploads\/2023\/12\/407236719_657101339935363_7764829427097783445_n.jpg 1213w\" sizes=\"(max-width: 1013px) 100vw, 1013px\" \/><figcaption class=\"wp-element-caption\">Wsp\u00f3\u0142praca z Bibliotek\u0105 Publiczn\u0105 w Golinie, filia w Przyjmie<\/figcaption><\/figure>\n\n\n\n<figure class=\"wp-block-image size-large\"><img loading=\"lazy\" decoding=\"async\" width=\"1024\" height=\"768\" data-id=\"3866\" src=\"https:\/\/spprzyjma.edu.pl\/wp-content\/uploads\/2023\/12\/407228259_657101359935361_6503357838102594208_n-1024x768.jpg\" alt=\"\" class=\"wp-image-3866\" srcset=\"https:\/\/spprzyjma.edu.pl\/wp-content\/uploads\/2023\/12\/407228259_657101359935361_6503357838102594208_n-1024x768.jpg 1024w, https:\/\/spprzyjma.edu.pl\/wp-content\/uploads\/2023\/12\/407228259_657101359935361_6503357838102594208_n-300x225.jpg 300w, https:\/\/spprzyjma.edu.pl\/wp-content\/uploads\/2023\/12\/407228259_657101359935361_6503357838102594208_n-768x576.jpg 768w, https:\/\/spprzyjma.edu.pl\/wp-content\/uploads\/2023\/12\/407228259_657101359935361_6503357838102594208_n-1536x1152.jpg 1536w, https:\/\/spprzyjma.edu.pl\/wp-content\/uploads\/2023\/12\/407228259_657101359935361_6503357838102594208_n.jpg 2000w\" sizes=\"(max-width: 1024px) 100vw, 1024px\" \/><\/figure>\n<\/figure>\n\n\n\n<figure class=\"wp-block-gallery has-nested-images columns-default is-cropped wp-block-gallery-4 is-layout-flex wp-block-gallery-is-layout-flex\">\n<figure class=\"wp-block-image size-large\"><img loading=\"lazy\" decoding=\"async\" width=\"577\" height=\"1024\" data-id=\"3122\" src=\"https:\/\/spprzyjma.edu.pl\/wp-content\/uploads\/2023\/09\/5abc22e7-9f81-49ea-ab85-84b8e0666818-577x1024.jpeg\" alt=\"\" class=\"wp-image-3122\" srcset=\"https:\/\/spprzyjma.edu.pl\/wp-content\/uploads\/2023\/09\/5abc22e7-9f81-49ea-ab85-84b8e0666818-577x1024.jpeg 577w, https:\/\/spprzyjma.edu.pl\/wp-content\/uploads\/2023\/09\/5abc22e7-9f81-49ea-ab85-84b8e0666818-169x300.jpeg 169w, https:\/\/spprzyjma.edu.pl\/wp-content\/uploads\/2023\/09\/5abc22e7-9f81-49ea-ab85-84b8e0666818-768x1363.jpeg 768w, https:\/\/spprzyjma.edu.pl\/wp-content\/uploads\/2023\/09\/5abc22e7-9f81-49ea-ab85-84b8e0666818-866x1536.jpeg 866w, https:\/\/spprzyjma.edu.pl\/wp-content\/uploads\/2023\/09\/5abc22e7-9f81-49ea-ab85-84b8e0666818.jpeg 1154w\" sizes=\"(max-width: 577px) 100vw, 577px\" \/><\/figure>\n\n\n\n<figure class=\"wp-block-image size-large\"><img loading=\"lazy\" decoding=\"async\" width=\"1024\" height=\"768\" data-id=\"3121\" src=\"https:\/\/spprzyjma.edu.pl\/wp-content\/uploads\/2023\/09\/4c4cca31-a0de-4881-ac7d-81bf668b5da5-1024x768.jpeg\" alt=\"\" class=\"wp-image-3121\" srcset=\"https:\/\/spprzyjma.edu.pl\/wp-content\/uploads\/2023\/09\/4c4cca31-a0de-4881-ac7d-81bf668b5da5-1024x768.jpeg 1024w, https:\/\/spprzyjma.edu.pl\/wp-content\/uploads\/2023\/09\/4c4cca31-a0de-4881-ac7d-81bf668b5da5-300x225.jpeg 300w, https:\/\/spprzyjma.edu.pl\/wp-content\/uploads\/2023\/09\/4c4cca31-a0de-4881-ac7d-81bf668b5da5-768x576.jpeg 768w, https:\/\/spprzyjma.edu.pl\/wp-content\/uploads\/2023\/09\/4c4cca31-a0de-4881-ac7d-81bf668b5da5-1536x1152.jpeg 1536w, https:\/\/spprzyjma.edu.pl\/wp-content\/uploads\/2023\/09\/4c4cca31-a0de-4881-ac7d-81bf668b5da5.jpeg 2016w\" sizes=\"(max-width: 1024px) 100vw, 1024px\" \/><figcaption class=\"wp-element-caption\">Narodowe Czytanie<\/figcaption><\/figure>\n\n\n\n<figure class=\"wp-block-image size-large\"><img loading=\"lazy\" decoding=\"async\" width=\"1024\" height=\"768\" data-id=\"3124\" src=\"https:\/\/spprzyjma.edu.pl\/wp-content\/uploads\/2023\/09\/12338519-21bf-47db-a114-c41fd370774b-1024x768.jpeg\" alt=\"\" class=\"wp-image-3124\" srcset=\"https:\/\/spprzyjma.edu.pl\/wp-content\/uploads\/2023\/09\/12338519-21bf-47db-a114-c41fd370774b-1024x768.jpeg 1024w, https:\/\/spprzyjma.edu.pl\/wp-content\/uploads\/2023\/09\/12338519-21bf-47db-a114-c41fd370774b-300x225.jpeg 300w, https:\/\/spprzyjma.edu.pl\/wp-content\/uploads\/2023\/09\/12338519-21bf-47db-a114-c41fd370774b-768x576.jpeg 768w, https:\/\/spprzyjma.edu.pl\/wp-content\/uploads\/2023\/09\/12338519-21bf-47db-a114-c41fd370774b-1536x1152.jpeg 1536w, https:\/\/spprzyjma.edu.pl\/wp-content\/uploads\/2023\/09\/12338519-21bf-47db-a114-c41fd370774b.jpeg 2016w\" sizes=\"(max-width: 1024px) 100vw, 1024px\" \/><\/figure>\n<\/figure>\n\n\n\n<figure class=\"wp-block-gallery has-nested-images columns-default is-cropped wp-block-gallery-5 is-layout-flex wp-block-gallery-is-layout-flex\">\n<figure class=\"wp-block-image size-large\"><img loading=\"lazy\" decoding=\"async\" width=\"1024\" height=\"768\" data-id=\"3487\" src=\"https:\/\/spprzyjma.edu.pl\/wp-content\/uploads\/2023\/10\/395417965_767377532066527_6139283925566855996_n.jpg\" alt=\"\" class=\"wp-image-3487\" srcset=\"https:\/\/spprzyjma.edu.pl\/wp-content\/uploads\/2023\/10\/395417965_767377532066527_6139283925566855996_n.jpg 1024w, https:\/\/spprzyjma.edu.pl\/wp-content\/uploads\/2023\/10\/395417965_767377532066527_6139283925566855996_n-300x225.jpg 300w, https:\/\/spprzyjma.edu.pl\/wp-content\/uploads\/2023\/10\/395417965_767377532066527_6139283925566855996_n-768x576.jpg 768w\" sizes=\"(max-width: 1024px) 100vw, 1024px\" \/><\/figure>\n\n\n\n<figure class=\"wp-block-image size-large\"><img loading=\"lazy\" decoding=\"async\" width=\"1024\" height=\"768\" data-id=\"3478\" src=\"https:\/\/spprzyjma.edu.pl\/wp-content\/uploads\/2023\/10\/395425930_767377965399817_4621522399310153127_n.jpg\" alt=\"\" class=\"wp-image-3478\" srcset=\"https:\/\/spprzyjma.edu.pl\/wp-content\/uploads\/2023\/10\/395425930_767377965399817_4621522399310153127_n.jpg 1024w, https:\/\/spprzyjma.edu.pl\/wp-content\/uploads\/2023\/10\/395425930_767377965399817_4621522399310153127_n-300x225.jpg 300w, https:\/\/spprzyjma.edu.pl\/wp-content\/uploads\/2023\/10\/395425930_767377965399817_4621522399310153127_n-768x576.jpg 768w\" sizes=\"(max-width: 1024px) 100vw, 1024px\" \/><figcaption class=\"wp-element-caption\">Udzia\u0142 w IV Mi\u0119dzynarodowej edycji VIII Og\u00f3lnopolskiej akcji bicia rekordu w czytaniu na przerwie -\u201ePrzerwa na czytanie\u201d.<\/figcaption><\/figure>\n\n\n\n<figure class=\"wp-block-image size-large\"><img loading=\"lazy\" decoding=\"async\" width=\"768\" height=\"1024\" data-id=\"3486\" src=\"https:\/\/spprzyjma.edu.pl\/wp-content\/uploads\/2023\/10\/395417080_767377592066521_3443991730179018187_n.jpg\" alt=\"\" class=\"wp-image-3486\" srcset=\"https:\/\/spprzyjma.edu.pl\/wp-content\/uploads\/2023\/10\/395417080_767377592066521_3443991730179018187_n.jpg 768w, https:\/\/spprzyjma.edu.pl\/wp-content\/uploads\/2023\/10\/395417080_767377592066521_3443991730179018187_n-225x300.jpg 225w\" sizes=\"(max-width: 768px) 100vw, 768px\" \/><\/figure>\n<\/figure>\n","protected":false},"excerpt":{"rendered":"<p>Godziny pracy biblioteki Dzie\u0144 tygodnia Godzina &nbsp; Poniedzia\u0142ek 1130 \u2013 1230 &nbsp; Wtorek 830 \u2013 915 &nbsp; \u015aroda 1230 \u2013 1445 &nbsp; Czwartek 1000 \u2013&hellip;<\/p>\n","protected":false},"author":1,"featured_media":0,"parent":0,"menu_order":0,"comment_status":"closed","ping_status":"closed","template":"","meta":{"footnotes":""},"_links":{"self":[{"href":"https:\/\/spprzyjma.edu.pl\/index.php\/wp-json\/wp\/v2\/pages\/3064"}],"collection":[{"href":"https:\/\/spprzyjma.edu.pl\/index.php\/wp-json\/wp\/v2\/pages"}],"about":[{"href":"https:\/\/spprzyjma.edu.pl\/index.php\/wp-json\/wp\/v2\/types\/page"}],"author":[{"embeddable":true,"href":"https:\/\/spprzyjma.edu.pl\/index.php\/wp-json\/wp\/v2\/users\/1"}],"replies":[{"embeddable":true,"href":"https:\/\/spprzyjma.edu.pl\/index.php\/wp-json\/wp\/v2\/comments?post=3064"}],"version-history":[{"count":7,"href":"https:\/\/spprzyjma.edu.pl\/index.php\/wp-json\/wp\/v2\/pages\/3064\/revisions"}],"predecessor-version":[{"id":4472,"href":"https:\/\/spprzyjma.edu.pl\/index.php\/wp-json\/wp\/v2\/pages\/3064\/revisions\/4472"}],"wp:attachment":[{"href":"https:\/\/spprzyjma.edu.pl\/index.php\/wp-json\/wp\/v2\/media?parent=3064"}],"curies":[{"name":"wp","href":"https:\/\/api.w.org\/{rel}","templated":true}]}}