{"id":161,"date":"2020-03-16T22:43:32","date_gmt":"2020-03-16T21:43:32","guid":{"rendered":"https:\/\/spprzyjma.edu.pl\/?page_id=161"},"modified":"2026-01-12T14:13:05","modified_gmt":"2026-01-12T13:13:05","slug":"sport","status":"publish","type":"page","link":"https:\/\/spprzyjma.edu.pl\/index.php\/sport\/","title":{"rendered":"Profilaktyka"},"content":{"rendered":"\n<p><strong>W trosce o naszych uczni\u00f3w realizujemy w naszej szkole programy prozdrowotne<\/strong>.<\/p>\n\n\n\n<p><\/p>\n\n\n\n<p><\/p>\n\n\n\n<p>Bierzemy udzia\u0142 w <strong>\u201eProgramie dla szk\u00f3\u0142\u201d<\/strong>&#8211; jest&nbsp;to unijny projekt koordynowany przez Krajowy O\u015brodek Wsparcia Rolnictwa, kt\u00f3ry polega na dostarczaniu dzieciom owoc\u00f3w, warzyw oraz mleka i przetwor\u00f3w mlecznych.<br>G\u0142\u00f3wnym celem \u201eProgramu dla szk\u00f3\u0142\u201d jest kszta\u0142towanie prawid\u0142owych nawyk\u00f3w \u017cywieniowych.<\/p>\n\n\n\n<figure class=\"wp-block-image size-full is-resized\"><img loading=\"lazy\" decoding=\"async\" width=\"900\" height=\"900\" src=\"https:\/\/spprzyjma.edu.pl\/wp-content\/uploads\/2023\/12\/image.png\" alt=\"\" class=\"wp-image-3825\" style=\"width:452px;height:auto\" srcset=\"https:\/\/spprzyjma.edu.pl\/wp-content\/uploads\/2023\/12\/image.png 900w, https:\/\/spprzyjma.edu.pl\/wp-content\/uploads\/2023\/12\/image-300x300.png 300w, https:\/\/spprzyjma.edu.pl\/wp-content\/uploads\/2023\/12\/image-150x150.png 150w, https:\/\/spprzyjma.edu.pl\/wp-content\/uploads\/2023\/12\/image-768x768.png 768w, https:\/\/spprzyjma.edu.pl\/wp-content\/uploads\/2023\/12\/image-600x600.png 600w\" sizes=\"(max-width: 900px) 100vw, 900px\" \/><\/figure>\n\n\n\n<p><\/p>\n\n\n\n<p> ,,<strong>Dzie\u0144 Zdrowego \u015aniadania<\/strong>&#8221; <strong>oraz<\/strong> ,,<strong>\u015aniadanie Daje Moc<\/strong>&#8221; <strong>to<\/strong> <strong>og\u00f3lnopolskie programy edukacyjne<\/strong>.<br>Pierwsze \u015bniadanie jest dla dzieci najwa\u017cniejszym posi\u0142kiem w ci\u0105gu dnia \u2013 przypominaj\u0105 eksperci, dlatego wszyscy uczniowie naszej szko\u0142y  bior\u0105 udzia\u0142 w tych programach. Celem realizacji tych program\u00f3w jest zach\u0119canie dzieci do zdrowego od\u017cywania si\u0119.<\/p>\n\n\n\n<p>Organizujemy <strong>warsztaty profilaktyczne dla uczni\u00f3w i rodzic\u00f3w.<\/strong><\/p>\n\n\n\n<div class=\"wp-block-group alignwide is-layout-constrained wp-block-group-is-layout-constrained\"><div class=\"wp-block-group__inner-container\">\n<div class=\"wp-block-columns is-layout-flex wp-container-core-columns-layout-1 wp-block-columns-is-layout-flex\"><\/div>\n<\/div><\/div>\n\n\n\n<figure class=\"wp-block-gallery has-nested-images columns-default is-cropped wp-block-gallery-1 is-layout-flex wp-block-gallery-is-layout-flex\">\n<figure class=\"wp-block-image size-large\"><img loading=\"lazy\" decoding=\"async\" width=\"1024\" height=\"576\" data-id=\"8565\" src=\"https:\/\/spprzyjma.edu.pl\/wp-content\/uploads\/2025\/10\/562356945_1286577213479887_511160237601691242_n-1024x576.jpg\" alt=\"\" class=\"wp-image-8565\" srcset=\"https:\/\/spprzyjma.edu.pl\/wp-content\/uploads\/2025\/10\/562356945_1286577213479887_511160237601691242_n-1024x576.jpg 1024w, https:\/\/spprzyjma.edu.pl\/wp-content\/uploads\/2025\/10\/562356945_1286577213479887_511160237601691242_n-300x169.jpg 300w, https:\/\/spprzyjma.edu.pl\/wp-content\/uploads\/2025\/10\/562356945_1286577213479887_511160237601691242_n-768x432.jpg 768w, https:\/\/spprzyjma.edu.pl\/wp-content\/uploads\/2025\/10\/562356945_1286577213479887_511160237601691242_n-1536x864.jpg 1536w, https:\/\/spprzyjma.edu.pl\/wp-content\/uploads\/2025\/10\/562356945_1286577213479887_511160237601691242_n.jpg 2048w\" sizes=\"(max-width: 1024px) 100vw, 1024px\" \/><figcaption class=\"wp-element-caption\">Dzie\u0144 Ziemniaka<\/figcaption><\/figure>\n\n\n\n<figure class=\"wp-block-image size-large\"><img loading=\"lazy\" decoding=\"async\" width=\"1024\" height=\"576\" data-id=\"8571\" src=\"https:\/\/spprzyjma.edu.pl\/wp-content\/uploads\/2025\/10\/563467422_1286577660146509_669628956032669663_n-1024x576.jpg\" alt=\"\" class=\"wp-image-8571\" srcset=\"https:\/\/spprzyjma.edu.pl\/wp-content\/uploads\/2025\/10\/563467422_1286577660146509_669628956032669663_n-1024x576.jpg 1024w, https:\/\/spprzyjma.edu.pl\/wp-content\/uploads\/2025\/10\/563467422_1286577660146509_669628956032669663_n-300x169.jpg 300w, https:\/\/spprzyjma.edu.pl\/wp-content\/uploads\/2025\/10\/563467422_1286577660146509_669628956032669663_n-768x432.jpg 768w, https:\/\/spprzyjma.edu.pl\/wp-content\/uploads\/2025\/10\/563467422_1286577660146509_669628956032669663_n-1536x864.jpg 1536w, https:\/\/spprzyjma.edu.pl\/wp-content\/uploads\/2025\/10\/563467422_1286577660146509_669628956032669663_n.jpg 2048w\" sizes=\"(max-width: 1024px) 100vw, 1024px\" \/><figcaption class=\"wp-element-caption\">Dzie\u0144 Ziemniaka<\/figcaption><\/figure>\n\n\n\n<figure class=\"wp-block-image size-large\"><img loading=\"lazy\" decoding=\"async\" width=\"1024\" height=\"576\" data-id=\"8574\" src=\"https:\/\/spprzyjma.edu.pl\/wp-content\/uploads\/2025\/10\/561010916_1286577153479893_6874049957423669411_n-1024x576.jpg\" alt=\"\" class=\"wp-image-8574\" srcset=\"https:\/\/spprzyjma.edu.pl\/wp-content\/uploads\/2025\/10\/561010916_1286577153479893_6874049957423669411_n-1024x576.jpg 1024w, https:\/\/spprzyjma.edu.pl\/wp-content\/uploads\/2025\/10\/561010916_1286577153479893_6874049957423669411_n-300x169.jpg 300w, https:\/\/spprzyjma.edu.pl\/wp-content\/uploads\/2025\/10\/561010916_1286577153479893_6874049957423669411_n-768x432.jpg 768w, https:\/\/spprzyjma.edu.pl\/wp-content\/uploads\/2025\/10\/561010916_1286577153479893_6874049957423669411_n-1536x864.jpg 1536w, https:\/\/spprzyjma.edu.pl\/wp-content\/uploads\/2025\/10\/561010916_1286577153479893_6874049957423669411_n.jpg 2048w\" sizes=\"(max-width: 1024px) 100vw, 1024px\" \/><figcaption class=\"wp-element-caption\">Dzie\u0144 Ziemniaka<\/figcaption><\/figure>\n\n\n\n<figure class=\"wp-block-image size-large\"><img loading=\"lazy\" decoding=\"async\" width=\"1024\" height=\"576\" data-id=\"8577\" src=\"https:\/\/spprzyjma.edu.pl\/wp-content\/uploads\/2025\/10\/566330808_1286577406813201_9218149110967208464_n-1024x576.jpg\" alt=\"\" class=\"wp-image-8577\" srcset=\"https:\/\/spprzyjma.edu.pl\/wp-content\/uploads\/2025\/10\/566330808_1286577406813201_9218149110967208464_n-1024x576.jpg 1024w, https:\/\/spprzyjma.edu.pl\/wp-content\/uploads\/2025\/10\/566330808_1286577406813201_9218149110967208464_n-300x169.jpg 300w, https:\/\/spprzyjma.edu.pl\/wp-content\/uploads\/2025\/10\/566330808_1286577406813201_9218149110967208464_n-768x432.jpg 768w, https:\/\/spprzyjma.edu.pl\/wp-content\/uploads\/2025\/10\/566330808_1286577406813201_9218149110967208464_n-1536x864.jpg 1536w, https:\/\/spprzyjma.edu.pl\/wp-content\/uploads\/2025\/10\/566330808_1286577406813201_9218149110967208464_n.jpg 2048w\" sizes=\"(max-width: 1024px) 100vw, 1024px\" \/><figcaption class=\"wp-element-caption\">Dzie\u0144 Ziemniaka<\/figcaption><\/figure>\n<\/figure>\n\n\n\n<figure class=\"wp-block-gallery has-nested-images columns-default is-cropped wp-block-gallery-2 is-layout-flex wp-block-gallery-is-layout-flex\">\n<figure class=\"wp-block-image size-large\"><img loading=\"lazy\" decoding=\"async\" width=\"1024\" height=\"768\" data-id=\"6445\" src=\"https:\/\/spprzyjma.edu.pl\/wp-content\/uploads\/2024\/10\/464806672_1007199804750964_8467254426215100730_n-1024x768.jpg\" alt=\"\" class=\"wp-image-6445\" srcset=\"https:\/\/spprzyjma.edu.pl\/wp-content\/uploads\/2024\/10\/464806672_1007199804750964_8467254426215100730_n-1024x768.jpg 1024w, https:\/\/spprzyjma.edu.pl\/wp-content\/uploads\/2024\/10\/464806672_1007199804750964_8467254426215100730_n-300x225.jpg 300w, https:\/\/spprzyjma.edu.pl\/wp-content\/uploads\/2024\/10\/464806672_1007199804750964_8467254426215100730_n-768x576.jpg 768w, https:\/\/spprzyjma.edu.pl\/wp-content\/uploads\/2024\/10\/464806672_1007199804750964_8467254426215100730_n-1536x1152.jpg 1536w, https:\/\/spprzyjma.edu.pl\/wp-content\/uploads\/2024\/10\/464806672_1007199804750964_8467254426215100730_n.jpg 2048w\" sizes=\"(max-width: 1024px) 100vw, 1024px\" \/><figcaption class=\"wp-element-caption\">Spotkanie z policjantami na temat cyberbezpiecze\u0144stwa<\/figcaption><\/figure>\n\n\n\n<figure class=\"wp-block-image size-large\"><img loading=\"lazy\" decoding=\"async\" width=\"859\" height=\"654\" data-id=\"6677\" src=\"https:\/\/spprzyjma.edu.pl\/wp-content\/uploads\/2024\/11\/467822746_1023533769784234_7104489205586624962_n.jpg\" alt=\"\" class=\"wp-image-6677\" srcset=\"https:\/\/spprzyjma.edu.pl\/wp-content\/uploads\/2024\/11\/467822746_1023533769784234_7104489205586624962_n.jpg 859w, https:\/\/spprzyjma.edu.pl\/wp-content\/uploads\/2024\/11\/467822746_1023533769784234_7104489205586624962_n-300x228.jpg 300w, https:\/\/spprzyjma.edu.pl\/wp-content\/uploads\/2024\/11\/467822746_1023533769784234_7104489205586624962_n-768x585.jpg 768w\" sizes=\"(max-width: 859px) 100vw, 859px\" \/><figcaption class=\"wp-element-caption\">Udzia\u0142 w Kampanii Fundacji Podaj dalej ,,Dzieci\u0144stwo bez przemocy&#8221;<\/figcaption><\/figure>\n<\/figure>\n\n\n\n<figure class=\"wp-block-gallery has-nested-images columns-default is-cropped wp-block-gallery-3 is-layout-flex wp-block-gallery-is-layout-flex\">\n<figure class=\"wp-block-image size-large\"><img loading=\"lazy\" decoding=\"async\" width=\"765\" height=\"1020\" data-id=\"6675\" src=\"https:\/\/spprzyjma.edu.pl\/wp-content\/uploads\/2024\/11\/467398622_1023533999784211_6113807027323387960_n.jpg\" alt=\"\" class=\"wp-image-6675\" srcset=\"https:\/\/spprzyjma.edu.pl\/wp-content\/uploads\/2024\/11\/467398622_1023533999784211_6113807027323387960_n.jpg 765w, https:\/\/spprzyjma.edu.pl\/wp-content\/uploads\/2024\/11\/467398622_1023533999784211_6113807027323387960_n-225x300.jpg 225w\" sizes=\"(max-width: 765px) 100vw, 765px\" \/><figcaption class=\"wp-element-caption\">O godz. 17 tej nasza szko\u0142a solidaryzowa\u0142a si\u0119 z akcj\u0105 Dzieci\u0144stwo bez Przemocy.<\/figcaption><\/figure>\n<\/figure>\n\n\n\n<figure class=\"wp-block-gallery has-nested-images columns-default is-cropped wp-block-gallery-4 is-layout-flex wp-block-gallery-is-layout-flex\"><\/figure>\n\n\n\n<figure class=\"wp-block-gallery has-nested-images columns-default is-cropped wp-block-gallery-5 is-layout-flex wp-block-gallery-is-layout-flex\">\n<figure class=\"wp-block-image size-large\"><img loading=\"lazy\" decoding=\"async\" width=\"1024\" height=\"768\" data-id=\"6993\" src=\"https:\/\/spprzyjma.edu.pl\/wp-content\/uploads\/2024\/12\/470557744_1042347511236193_2709447191782656169_n-1024x768.jpg\" alt=\"\" class=\"wp-image-6993\" srcset=\"https:\/\/spprzyjma.edu.pl\/wp-content\/uploads\/2024\/12\/470557744_1042347511236193_2709447191782656169_n-1024x768.jpg 1024w, https:\/\/spprzyjma.edu.pl\/wp-content\/uploads\/2024\/12\/470557744_1042347511236193_2709447191782656169_n-300x225.jpg 300w, https:\/\/spprzyjma.edu.pl\/wp-content\/uploads\/2024\/12\/470557744_1042347511236193_2709447191782656169_n-768x576.jpg 768w, https:\/\/spprzyjma.edu.pl\/wp-content\/uploads\/2024\/12\/470557744_1042347511236193_2709447191782656169_n-1536x1152.jpg 1536w, https:\/\/spprzyjma.edu.pl\/wp-content\/uploads\/2024\/12\/470557744_1042347511236193_2709447191782656169_n.jpg 2048w\" sizes=\"(max-width: 1024px) 100vw, 1024px\" \/><figcaption class=\"wp-element-caption\">Pierwsza pomoc<\/figcaption><\/figure>\n\n\n\n<figure class=\"wp-block-image size-large\"><img loading=\"lazy\" decoding=\"async\" width=\"768\" height=\"1024\" data-id=\"6994\" src=\"https:\/\/spprzyjma.edu.pl\/wp-content\/uploads\/2024\/12\/470248080_1042347937902817_4649224923767456573_n-768x1024.jpg\" alt=\"\" class=\"wp-image-6994\" srcset=\"https:\/\/spprzyjma.edu.pl\/wp-content\/uploads\/2024\/12\/470248080_1042347937902817_4649224923767456573_n-768x1024.jpg 768w, https:\/\/spprzyjma.edu.pl\/wp-content\/uploads\/2024\/12\/470248080_1042347937902817_4649224923767456573_n-225x300.jpg 225w, https:\/\/spprzyjma.edu.pl\/wp-content\/uploads\/2024\/12\/470248080_1042347937902817_4649224923767456573_n-1152x1536.jpg 1152w, https:\/\/spprzyjma.edu.pl\/wp-content\/uploads\/2024\/12\/470248080_1042347937902817_4649224923767456573_n.jpg 1536w\" sizes=\"(max-width: 768px) 100vw, 768px\" \/><figcaption class=\"wp-element-caption\">Pierwsza pomoc<\/figcaption><\/figure>\n\n\n\n<figure class=\"wp-block-image size-large\"><img loading=\"lazy\" decoding=\"async\" width=\"768\" height=\"1024\" data-id=\"7000\" src=\"https:\/\/spprzyjma.edu.pl\/wp-content\/uploads\/2024\/12\/470638463_1042347497902861_430673989083720718_n-768x1024.jpg\" alt=\"\" class=\"wp-image-7000\" srcset=\"https:\/\/spprzyjma.edu.pl\/wp-content\/uploads\/2024\/12\/470638463_1042347497902861_430673989083720718_n-768x1024.jpg 768w, https:\/\/spprzyjma.edu.pl\/wp-content\/uploads\/2024\/12\/470638463_1042347497902861_430673989083720718_n-225x300.jpg 225w, https:\/\/spprzyjma.edu.pl\/wp-content\/uploads\/2024\/12\/470638463_1042347497902861_430673989083720718_n-1152x1536.jpg 1152w, https:\/\/spprzyjma.edu.pl\/wp-content\/uploads\/2024\/12\/470638463_1042347497902861_430673989083720718_n.jpg 1536w\" sizes=\"(max-width: 768px) 100vw, 768px\" \/><\/figure>\n<\/figure>\n","protected":false},"excerpt":{"rendered":"<p>W trosce o naszych uczni\u00f3w realizujemy w naszej szkole programy prozdrowotne. Bierzemy udzia\u0142 w \u201eProgramie dla szk\u00f3\u0142\u201d&#8211; jest&nbsp;to unijny projekt koordynowany przez Krajowy O\u015brodek Wsparcia&hellip;<\/p>\n","protected":false},"author":1,"featured_media":0,"parent":0,"menu_order":0,"comment_status":"closed","ping_status":"closed","template":"","meta":{"footnotes":""},"_links":{"self":[{"href":"https:\/\/spprzyjma.edu.pl\/index.php\/wp-json\/wp\/v2\/pages\/161"}],"collection":[{"href":"https:\/\/spprzyjma.edu.pl\/index.php\/wp-json\/wp\/v2\/pages"}],"about":[{"href":"https:\/\/spprzyjma.edu.pl\/index.php\/wp-json\/wp\/v2\/types\/page"}],"author":[{"embeddable":true,"href":"https:\/\/spprzyjma.edu.pl\/index.php\/wp-json\/wp\/v2\/users\/1"}],"replies":[{"embeddable":true,"href":"https:\/\/spprzyjma.edu.pl\/index.php\/wp-json\/wp\/v2\/comments?post=161"}],"version-history":[{"count":48,"href":"https:\/\/spprzyjma.edu.pl\/index.php\/wp-json\/wp\/v2\/pages\/161\/revisions"}],"predecessor-version":[{"id":8994,"href":"https:\/\/spprzyjma.edu.pl\/index.php\/wp-json\/wp\/v2\/pages\/161\/revisions\/8994"}],"wp:attachment":[{"href":"https:\/\/spprzyjma.edu.pl\/index.php\/wp-json\/wp\/v2\/media?parent=161"}],"curies":[{"name":"wp","href":"https:\/\/api.w.org\/{rel}","templated":true}]}}