{"id":158,"date":"2020-03-16T22:43:23","date_gmt":"2020-03-16T21:43:23","guid":{"rendered":"https:\/\/spprzyjma.edu.pl\/?page_id=158"},"modified":"2025-11-16T16:27:12","modified_gmt":"2025-11-16T15:27:12","slug":"wolontariat","status":"publish","type":"page","link":"https:\/\/spprzyjma.edu.pl\/index.php\/wolontariat\/","title":{"rendered":"Programowanie i kodowanie"},"content":{"rendered":"\n<p>Uczniowie     naszej szko\u0142y rozwijaj\u0105  umiej\u0119tno\u015bci programowania  i  kodowania      od      najm\u0142odszych     lat. <br>Ucz\u0105 si\u0119 programowania z wykorzystaniem robot\u00f3w, tablet\u00f3w i r\u00f3\u017cnych program\u00f3w komputerowych. <br>Do nauki kodowania wykorzystywane s\u0105 kubeczki i karty pracy.<br>Nabyte umiej\u0119tno\u015bci programowania doskonal\u0105 w trakcie dalszej nauki w klasach 4-8. Uczniowie ucz\u0105 si\u0119 budowania      z klock\u00f3w     in\u017cynieryjnych  SKRIPARTS, rozwijaj\u0105 umiej\u0119tno\u015b\u0107  pos\u0142ugiwania si\u0119 robotami VEXROBOTICS IQ, TRUE TRUE, Ozobot i drukark\u0105 3d Zortrax. <br>Zaj\u0119cia z programowania rozwijaj\u0105: kreatywno\u015b\u0107, zdolno\u015b\u0107 koncentracji, pomagaj\u0105 w nauce matematyki, rozwijaj\u0105 logiczne i analityczne my\u015blenie, trenuj\u0105 umiej\u0119tno\u015b\u0107 rozwi\u0105zywania problemu oraz buduj\u0105 pewno\u015b\u0107 siebie.<\/p>\n\n\n\n\n\n<figure class=\"wp-block-gallery has-nested-images columns-default is-cropped wp-block-gallery-1 is-layout-flex wp-block-gallery-is-layout-flex\">\n<figure class=\"wp-block-image size-large\"><img loading=\"lazy\" decoding=\"async\" width=\"1024\" height=\"768\" data-id=\"8729\" src=\"https:\/\/spprzyjma.edu.pl\/wp-content\/uploads\/2025\/11\/10-1024x768.jpg\" alt=\"\" class=\"wp-image-8729\" srcset=\"https:\/\/spprzyjma.edu.pl\/wp-content\/uploads\/2025\/11\/10-1024x768.jpg 1024w, https:\/\/spprzyjma.edu.pl\/wp-content\/uploads\/2025\/11\/10-300x225.jpg 300w, https:\/\/spprzyjma.edu.pl\/wp-content\/uploads\/2025\/11\/10-768x576.jpg 768w, https:\/\/spprzyjma.edu.pl\/wp-content\/uploads\/2025\/11\/10-1536x1152.jpg 1536w, https:\/\/spprzyjma.edu.pl\/wp-content\/uploads\/2025\/11\/10.jpg 1600w\" sizes=\"(max-width: 1024px) 100vw, 1024px\" \/><\/figure>\n\n\n\n<figure class=\"wp-block-image size-large\"><img loading=\"lazy\" decoding=\"async\" width=\"1024\" height=\"576\" data-id=\"8731\" src=\"https:\/\/spprzyjma.edu.pl\/wp-content\/uploads\/2025\/11\/11-1024x576.jpg\" alt=\"\" class=\"wp-image-8731\" srcset=\"https:\/\/spprzyjma.edu.pl\/wp-content\/uploads\/2025\/11\/11-1024x576.jpg 1024w, https:\/\/spprzyjma.edu.pl\/wp-content\/uploads\/2025\/11\/11-300x169.jpg 300w, https:\/\/spprzyjma.edu.pl\/wp-content\/uploads\/2025\/11\/11-768x432.jpg 768w, https:\/\/spprzyjma.edu.pl\/wp-content\/uploads\/2025\/11\/11-1536x864.jpg 1536w, https:\/\/spprzyjma.edu.pl\/wp-content\/uploads\/2025\/11\/11.jpg 1600w\" sizes=\"(max-width: 1024px) 100vw, 1024px\" \/><\/figure>\n<\/figure>\n\n\n\n<figure class=\"wp-block-gallery has-nested-images columns-default is-cropped wp-block-gallery-2 is-layout-flex wp-block-gallery-is-layout-flex\"><\/figure>\n\n\n\n<figure class=\"wp-block-gallery has-nested-images columns-default is-cropped wp-block-gallery-3 is-layout-flex wp-block-gallery-is-layout-flex\"><\/figure>\n\n\n\n<figure class=\"wp-block-gallery has-nested-images columns-default is-cropped wp-block-gallery-4 is-layout-flex wp-block-gallery-is-layout-flex\">\n<figure class=\"wp-block-image size-large\"><img loading=\"lazy\" decoding=\"async\" width=\"768\" height=\"1024\" data-id=\"8732\" src=\"https:\/\/spprzyjma.edu.pl\/wp-content\/uploads\/2025\/11\/12-768x1024.jpg\" alt=\"\" class=\"wp-image-8732\" srcset=\"https:\/\/spprzyjma.edu.pl\/wp-content\/uploads\/2025\/11\/12-768x1024.jpg 768w, https:\/\/spprzyjma.edu.pl\/wp-content\/uploads\/2025\/11\/12-225x300.jpg 225w, https:\/\/spprzyjma.edu.pl\/wp-content\/uploads\/2025\/11\/12-1152x1536.jpg 1152w, https:\/\/spprzyjma.edu.pl\/wp-content\/uploads\/2025\/11\/12.jpg 1536w\" sizes=\"(max-width: 768px) 100vw, 768px\" \/><\/figure>\n\n\n\n<figure class=\"wp-block-image size-large\"><img loading=\"lazy\" decoding=\"async\" width=\"768\" height=\"1024\" data-id=\"8733\" src=\"https:\/\/spprzyjma.edu.pl\/wp-content\/uploads\/2025\/11\/13-768x1024.jpg\" alt=\"\" class=\"wp-image-8733\" srcset=\"https:\/\/spprzyjma.edu.pl\/wp-content\/uploads\/2025\/11\/13-768x1024.jpg 768w, https:\/\/spprzyjma.edu.pl\/wp-content\/uploads\/2025\/11\/13-225x300.jpg 225w, https:\/\/spprzyjma.edu.pl\/wp-content\/uploads\/2025\/11\/13-1152x1536.jpg 1152w, https:\/\/spprzyjma.edu.pl\/wp-content\/uploads\/2025\/11\/13.jpg 1536w\" sizes=\"(max-width: 768px) 100vw, 768px\" \/><\/figure>\n\n\n\n<figure class=\"wp-block-image size-large\"><img loading=\"lazy\" decoding=\"async\" width=\"768\" height=\"1024\" data-id=\"8734\" src=\"https:\/\/spprzyjma.edu.pl\/wp-content\/uploads\/2025\/11\/14-768x1024.jpg\" alt=\"\" class=\"wp-image-8734\" srcset=\"https:\/\/spprzyjma.edu.pl\/wp-content\/uploads\/2025\/11\/14-768x1024.jpg 768w, https:\/\/spprzyjma.edu.pl\/wp-content\/uploads\/2025\/11\/14-225x300.jpg 225w, https:\/\/spprzyjma.edu.pl\/wp-content\/uploads\/2025\/11\/14-1152x1536.jpg 1152w, https:\/\/spprzyjma.edu.pl\/wp-content\/uploads\/2025\/11\/14.jpg 1200w\" sizes=\"(max-width: 768px) 100vw, 768px\" \/><\/figure>\n<\/figure>\n\n\n\n<figure class=\"wp-block-gallery has-nested-images columns-default is-cropped wp-block-gallery-5 is-layout-flex wp-block-gallery-is-layout-flex\">\n<figure class=\"wp-block-image size-large\"><img loading=\"lazy\" decoding=\"async\" width=\"768\" height=\"1024\" data-id=\"8735\" src=\"https:\/\/spprzyjma.edu.pl\/wp-content\/uploads\/2025\/11\/15-768x1024.jpg\" alt=\"\" class=\"wp-image-8735\" srcset=\"https:\/\/spprzyjma.edu.pl\/wp-content\/uploads\/2025\/11\/15-768x1024.jpg 768w, https:\/\/spprzyjma.edu.pl\/wp-content\/uploads\/2025\/11\/15-225x300.jpg 225w, https:\/\/spprzyjma.edu.pl\/wp-content\/uploads\/2025\/11\/15-1152x1536.jpg 1152w, https:\/\/spprzyjma.edu.pl\/wp-content\/uploads\/2025\/11\/15.jpg 1200w\" sizes=\"(max-width: 768px) 100vw, 768px\" \/><\/figure>\n\n\n\n<figure class=\"wp-block-image size-large\"><img loading=\"lazy\" decoding=\"async\" width=\"768\" height=\"1024\" data-id=\"8736\" src=\"https:\/\/spprzyjma.edu.pl\/wp-content\/uploads\/2025\/11\/16-768x1024.jpg\" alt=\"\" class=\"wp-image-8736\" srcset=\"https:\/\/spprzyjma.edu.pl\/wp-content\/uploads\/2025\/11\/16-768x1024.jpg 768w, https:\/\/spprzyjma.edu.pl\/wp-content\/uploads\/2025\/11\/16-225x300.jpg 225w, https:\/\/spprzyjma.edu.pl\/wp-content\/uploads\/2025\/11\/16-1152x1536.jpg 1152w, https:\/\/spprzyjma.edu.pl\/wp-content\/uploads\/2025\/11\/16.jpg 1200w\" sizes=\"(max-width: 768px) 100vw, 768px\" \/><\/figure>\n\n\n\n<figure class=\"wp-block-image size-large\"><img loading=\"lazy\" decoding=\"async\" width=\"768\" height=\"1024\" data-id=\"8737\" src=\"https:\/\/spprzyjma.edu.pl\/wp-content\/uploads\/2025\/11\/17-768x1024.jpg\" alt=\"\" class=\"wp-image-8737\" srcset=\"https:\/\/spprzyjma.edu.pl\/wp-content\/uploads\/2025\/11\/17-768x1024.jpg 768w, https:\/\/spprzyjma.edu.pl\/wp-content\/uploads\/2025\/11\/17-225x300.jpg 225w, https:\/\/spprzyjma.edu.pl\/wp-content\/uploads\/2025\/11\/17-1152x1536.jpg 1152w, https:\/\/spprzyjma.edu.pl\/wp-content\/uploads\/2025\/11\/17.jpg 1200w\" sizes=\"(max-width: 768px) 100vw, 768px\" \/><\/figure>\n\n\n\n<figure class=\"wp-block-image size-large\"><img loading=\"lazy\" decoding=\"async\" width=\"768\" height=\"1024\" data-id=\"8738\" src=\"https:\/\/spprzyjma.edu.pl\/wp-content\/uploads\/2025\/11\/18-768x1024.jpg\" alt=\"\" class=\"wp-image-8738\" srcset=\"https:\/\/spprzyjma.edu.pl\/wp-content\/uploads\/2025\/11\/18-768x1024.jpg 768w, https:\/\/spprzyjma.edu.pl\/wp-content\/uploads\/2025\/11\/18-225x300.jpg 225w, https:\/\/spprzyjma.edu.pl\/wp-content\/uploads\/2025\/11\/18-1152x1536.jpg 1152w, https:\/\/spprzyjma.edu.pl\/wp-content\/uploads\/2025\/11\/18.jpg 1200w\" sizes=\"(max-width: 768px) 100vw, 768px\" \/><\/figure>\n\n\n\n<figure class=\"wp-block-image size-large\"><img loading=\"lazy\" decoding=\"async\" width=\"1024\" height=\"576\" data-id=\"8739\" src=\"https:\/\/spprzyjma.edu.pl\/wp-content\/uploads\/2025\/11\/19-1024x576.jpg\" alt=\"\" class=\"wp-image-8739\" srcset=\"https:\/\/spprzyjma.edu.pl\/wp-content\/uploads\/2025\/11\/19-1024x576.jpg 1024w, https:\/\/spprzyjma.edu.pl\/wp-content\/uploads\/2025\/11\/19-300x169.jpg 300w, https:\/\/spprzyjma.edu.pl\/wp-content\/uploads\/2025\/11\/19-768x432.jpg 768w, https:\/\/spprzyjma.edu.pl\/wp-content\/uploads\/2025\/11\/19-1536x864.jpg 1536w, https:\/\/spprzyjma.edu.pl\/wp-content\/uploads\/2025\/11\/19.jpg 2048w\" sizes=\"(max-width: 1024px) 100vw, 1024px\" \/><\/figure>\n\n\n\n<figure class=\"wp-block-image size-large\"><img loading=\"lazy\" decoding=\"async\" width=\"1024\" height=\"576\" data-id=\"8740\" src=\"https:\/\/spprzyjma.edu.pl\/wp-content\/uploads\/2025\/11\/20-1024x576.jpg\" alt=\"\" class=\"wp-image-8740\" srcset=\"https:\/\/spprzyjma.edu.pl\/wp-content\/uploads\/2025\/11\/20-1024x576.jpg 1024w, https:\/\/spprzyjma.edu.pl\/wp-content\/uploads\/2025\/11\/20-300x169.jpg 300w, https:\/\/spprzyjma.edu.pl\/wp-content\/uploads\/2025\/11\/20-768x432.jpg 768w, https:\/\/spprzyjma.edu.pl\/wp-content\/uploads\/2025\/11\/20-1536x864.jpg 1536w, https:\/\/spprzyjma.edu.pl\/wp-content\/uploads\/2025\/11\/20.jpg 2048w\" sizes=\"(max-width: 1024px) 100vw, 1024px\" \/><\/figure>\n<\/figure>\n","protected":false},"excerpt":{"rendered":"<p>Uczniowie naszej szko\u0142y rozwijaj\u0105 umiej\u0119tno\u015bci programowania i kodowania od najm\u0142odszych lat. Ucz\u0105 si\u0119 programowania z wykorzystaniem robot\u00f3w, tablet\u00f3w i r\u00f3\u017cnych program\u00f3w komputerowych. Do nauki kodowania&hellip;<\/p>\n","protected":false},"author":1,"featured_media":0,"parent":0,"menu_order":0,"comment_status":"closed","ping_status":"closed","template":"","meta":{"footnotes":""},"_links":{"self":[{"href":"https:\/\/spprzyjma.edu.pl\/index.php\/wp-json\/wp\/v2\/pages\/158"}],"collection":[{"href":"https:\/\/spprzyjma.edu.pl\/index.php\/wp-json\/wp\/v2\/pages"}],"about":[{"href":"https:\/\/spprzyjma.edu.pl\/index.php\/wp-json\/wp\/v2\/types\/page"}],"author":[{"embeddable":true,"href":"https:\/\/spprzyjma.edu.pl\/index.php\/wp-json\/wp\/v2\/users\/1"}],"replies":[{"embeddable":true,"href":"https:\/\/spprzyjma.edu.pl\/index.php\/wp-json\/wp\/v2\/comments?post=158"}],"version-history":[{"count":25,"href":"https:\/\/spprzyjma.edu.pl\/index.php\/wp-json\/wp\/v2\/pages\/158\/revisions"}],"predecessor-version":[{"id":8743,"href":"https:\/\/spprzyjma.edu.pl\/index.php\/wp-json\/wp\/v2\/pages\/158\/revisions\/8743"}],"wp:attachment":[{"href":"https:\/\/spprzyjma.edu.pl\/index.php\/wp-json\/wp\/v2\/media?parent=158"}],"curies":[{"name":"wp","href":"https:\/\/api.w.org\/{rel}","templated":true}]}}