{"id":122,"date":"2020-03-16T22:36:42","date_gmt":"2020-03-16T21:36:42","guid":{"rendered":"https:\/\/spprzyjma.edu.pl\/?page_id=122"},"modified":"2025-09-15T09:47:59","modified_gmt":"2025-09-15T07:47:59","slug":"pedagog","status":"publish","type":"page","link":"https:\/\/spprzyjma.edu.pl\/index.php\/pedagog\/","title":{"rendered":"Pedagog i psycholog"},"content":{"rendered":"\n<h5 class=\"wp-block-heading\">Pedagog szkolny\/pedagog specjalny- Monika Andrzejewska<\/h5>\n\n\n\n<p>Telefon do pedagoga 609-875-245<\/p>\n\n\n\n<p>email: <a href=\"mailto:mandrzejewska@spprzyjma.edu.pl\">mandrzejewska@spprzyjma.edu.pl<\/a><\/p>\n\n\n\n<p><strong>Rok szkolny 2025\/2026<\/strong><\/p>\n\n\n\n<p><a><strong>PEDAGOG SZKOLNY<\/strong><\/a><\/p>\n\n\n\n<figure class=\"wp-block-table\"><table><tbody><tr><td><strong>Dzie\u0144 tygodnia<\/strong><\/td><td><strong>Godzina<\/strong> <strong>&nbsp;<\/strong><\/td><\/tr><tr><td>Poniedzia\u0142ek<\/td><td>14<sup>50<\/sup> &#8211; 15.45<sup>&nbsp;<\/sup><\/td><\/tr><tr><td>Wtorek<\/td><td>9<sup>15<\/sup> &#8211; 11<sup>15<\/sup> &nbsp;<\/td><\/tr><tr><td>\u015aroda &nbsp;<\/td><td>13<sup>00<\/sup> &#8211; 15<sup>00<\/sup><\/td><\/tr><tr><td>Czwartek<\/td><td>13<sup>55<\/sup> \u2013 15<sup>05<\/sup> &nbsp;<\/td><\/tr><tr><td>Pi\u0105tek &nbsp;<\/td><td>11<sup>00<\/sup> &#8211; 12<sup>10<\/sup><\/td><\/tr><\/tbody><\/table><\/figure>\n\n\n\n<p><strong>PEDAGOG SPECJALNY<\/strong><\/p>\n\n\n\n<figure class=\"wp-block-table\"><table><tbody><tr><td><strong>Dzie\u0144 tygodnia<\/strong><\/td><td><strong>Godzina<\/strong> <strong>&nbsp;<\/strong><\/td><\/tr><tr><td>Poniedzia\u0142ek<\/td><td>10.35-13.10 &nbsp;<\/td><\/tr><tr><td>Wtorek<\/td><td>11.15-13.10<\/td><\/tr><tr><td>\u015aroda &nbsp;<\/td><td>10.00-13.00<\/td><\/tr><tr><td>Czwartek<\/td><td>10.10-12.10<\/td><\/tr><tr><td>Pi\u0105tek &nbsp;<\/td><td>8.30-10.00<\/td><\/tr><\/tbody><\/table><\/figure>\n\n\n\n<p><strong>BIBLIOTEKA<\/strong><\/p>\n\n\n\n<figure class=\"wp-block-table\"><table><tbody><tr><td><strong>Dzie\u0144 tygodnia<\/strong><\/td><td><strong>Godzina<\/strong> <strong>&nbsp;<\/strong><\/td><\/tr><tr><td>Poniedzia\u0142ek<\/td><td>8.50 &#8211; 10.35&nbsp;<\/td><\/tr><tr><td>Wtorek<\/td><td>13<sup>55<\/sup> &#8211; 15<sup>00<\/sup> &nbsp;<\/td><\/tr><tr><td>\u015aroda<\/td><td>8<sup>45<\/sup>&#8211; 10<sup>00<\/sup> &nbsp;<\/td><\/tr><tr><td>Czwartek<\/td><td>8<sup>30<\/sup> &#8211; 9.25&nbsp;<\/td><\/tr><tr><td>Pi\u0105tek<\/td><td>10<sup>00<\/sup> &#8211; 11<sup>00<\/sup> &nbsp;<\/td><\/tr><\/tbody><\/table><\/figure>\n\n\n\n<p><\/p>\n\n\n\n<h5 class=\"wp-block-heading\">Psycholog szkolny &#8211; Jaros\u0142aw Kad\u0142ubek<\/h5>\n\n\n\n<p>email: <a href=\"mailto:jaroslawkadlubek@spprzyjma.edu.pl\">jaroslawkadlubek@spprzyjma.edu.pl<\/a><\/p>\n\n\n\n<figure class=\"wp-block-table\"><table><tbody><tr><td>\n  <strong>&nbsp;<\/strong>\n  <strong>Dzie\u0144 tygodnia<\/strong>\n  <\/td><td>\n  <strong>&nbsp;<\/strong>\n  <strong>Godzina<\/strong>\n  <strong>&nbsp;<\/strong>\n  <\/td><\/tr><tr><td>\n  Poniedzia\u0142ek\n  <\/td><td>   11.15-13.30 <sup>&nbsp;<\/sup> <br>   14.30-15.30  <\/td><\/tr><tr><td>\n  \u015aroda\n  &nbsp;\n  <\/td><td>   8.00 \u2013 15.45  <sup>&nbsp;<\/sup>   <\/td><\/tr><\/tbody><\/table><\/figure>\n\n\n\n<p> Zwr\u00f3\u0107 si\u0119 do pedagoga \/ psychologa szkolnego kiedy: <\/p>\n\n\n\n<p><\/p>\n\n\n\n<ul>\n<li>Czujesz, \u017ce nikt Ci\u0119 nie rozumie, jeste\u015b samotny.<\/li>\n\n\n\n<li>Masz problemy rodzinne, znajdujesz si\u0119 w trudnej sytuacji materialnej.<\/li>\n\n\n\n<li>Masz problem i nie wiesz jak go rozwi\u0105za\u0107.<\/li>\n\n\n\n<li>Chcesz podzieli\u0107 si\u0119 swoj\u0105 rado\u015bci\u0105, sukcesem.<\/li>\n\n\n\n<li>Chcia\u0142by\u015b z kim\u015b porozmawia\u0107.<\/li>\n\n\n\n<li>Chcia\u0142by\u015b pom\u00f3c innym, nie wiesz w jaki spos\u00f3b.<\/li>\n\n\n\n<li>Masz ciekawe pomys\u0142y, kt\u00f3rymi chcesz si\u0119 podzieli\u0107.<\/li>\n\n\n\n<li>Przyjd\u017a tak\u017ce z ka\u017cd\u0105 spraw\u0105, z kt\u00f3r\u0105 sam nie potrafisz sobie poradzi\u0107.<\/li>\n<\/ul>\n\n\n\n<p><strong>DEKALOG DLA RODZIC\u00d3W I WYCHOWAWC\u00d3W<\/strong><\/p>\n\n\n\n<ul>\n<li>Nie upokarzaj dziecka, bo ono, tak jak ty, ma silne poczucie w\u0142asnej godno\u015bci.<\/li>\n\n\n\n<li>Staraj si\u0119 nie stosowa\u0107 takich metod, kt\u00f3rych sam w dzieci\u0144stwie nie akceptowa\u0142e\u015b.<\/li>\n\n\n\n<li>Pozwalaj dziecku dokonywa\u0107 wyboru najcz\u0119\u015bciej jak mo\u017cesz.<\/li>\n\n\n\n<li>Je\u015bli zachowa\u0142e\u015b si\u0119 wobec dziecka niew\u0142a\u015bciwie, przepro\u015b je i wyt\u0142umacz si\u0119.<\/li>\n\n\n\n<li>Nie b\u00f3j si\u0119 utraty autorytetu \u2013 dziecko i tak wie, kiedy pope\u0142niasz b\u0142\u0119dy.<\/li>\n\n\n\n<li>Nigdy nie m\u00f3w \u017ale o dziecku, szczeg\u00f3lnie w obecno\u015bci innych os\u00f3b.<\/li>\n\n\n\n<li>Nie m\u00f3w: \u201ezrobisz to, bo tak chc\u0119\u201d \u2013 je\u017celi musisz czego\u015b zabroni\u0107, zawsze to uzasadnij.<\/li>\n\n\n\n<li>Je\u017celi wydajesz polecenia dziecku, staraj si\u0119 nie sta\u0107 nad nim i m\u00f3wi\u0107 z g\u00f3ry swego autorytetu.<\/li>\n\n\n\n<li>Nie musisz by\u0107 za wszelk\u0105 cen\u0119 konsekwentny, nie musisz by\u0107 w zgodzie z innymi doros\u0142ymi przeciw dziecku, je\u017celi wiesz, \u017ce oni nie mieli racji.<\/li>\n\n\n\n<li>Gdy nie wiesz, jak post\u0105pi\u0107, pomy\u015bl, jak ty poczu\u0142by\u015b si\u0119, b\u0119d\u0105c dzieckiem.<\/li>\n\n\n\n<li>Staraj si\u0119 by\u0107 czasem adwokatem w\u0142asnego dziecka.<\/li>\n<\/ul>\n\n\n\n<p><em>(\u201eKonwencja o prawach dziecka\u201d przyj\u0119ta przez Zgromadzenie Og\u00f3lne ONZ 20.11.1989r.)<\/em><\/p>\n\n\n\n<p>Pedagog szkolny wsp\u00f3\u0142pracuje z r\u00f3\u017cnymi instytucjami i organizacjami spo\u0142ecznymi: &nbsp;Poradnia Psychologiczno \u2013 Pedagogiczna, Miejski O\u015brodek Pomocy Spo\u0142ecznej, S\u0105d dla Nieletnich, Policja, Towarzystwo Przyjaci\u00f3\u0142 i inne. Wsp\u00f3\u0142pracuje r\u00f3wnie\u017c z<strong> <\/strong>gronem pedagogicznym i rodzicami. <\/p>\n\n\n\n<p><strong>Adresy i kontakty do instytucji, kt\u00f3re mog\u0105 wesprze\u0107 Pa\u0144stwa w sytuacjach trudnych:<\/strong><\/p>\n\n\n\n<p><strong>Powiatowa Poradnia Psychologiczno-Pedagogiczna w \u015alesinie <br> &#8211; Filia w Koninie<\/strong>, ul Pozna\u0144ska, 62 &#8211; 510 Konin, tel. <a href=\"tel:+48632430378\">63 243 03 78<\/a> email: <a href=\"mailto:konin@ppppslesin.pl\">konin@ppppslesin.pl<\/a> strona: <a href=\"http:\/\/www.ppppslesin.pl\">http:\/\/www.ppppslesin.pl<\/a><\/p>\n\n\n\n<p><strong>Miejski O\u015brodek Pomocy Spo\u0142ecznej w Golinie<\/strong>, Kazimierza Wielkiego 10 (wej\u015bcie od ul. Nowej), 62 &#8211; 590 Golina, tel. <a href=\"tel:+48632418071\">63 241 80 71<\/a> email: <a href=\"mailto:mops-golina@selcom.pl\">mops-golina@selcom.pl<\/a><\/p>\n\n\n<div class=\"wp-block-image\">\n<figure class=\"aligncenter size-large\"><a href=\"http:\/\/www.liniadzieciom.pl\/\" target=\"_blank\" rel=\"noreferrer noopener\"><img loading=\"lazy\" decoding=\"async\" width=\"453\" height=\"640\" src=\"https:\/\/spprzyjma.edu.pl\/wp-content\/uploads\/2020\/09\/linia-dzieciom-1.jpg\" alt=\"\" class=\"wp-image-580\" srcset=\"https:\/\/spprzyjma.edu.pl\/wp-content\/uploads\/2020\/09\/linia-dzieciom-1.jpg 453w, https:\/\/spprzyjma.edu.pl\/wp-content\/uploads\/2020\/09\/linia-dzieciom-1-212x300.jpg 212w\" sizes=\"(max-width: 453px) 100vw, 453px\" \/><\/a><\/figure><\/div>\n\n\n<p><strong>Nowy bezp\u0142atny numer, pod kt\u00f3rym dzieci i m\u0142odzie\u017c b\u0119d\u0105 mog\u0142y otrzyma\u0107 wsparcie psychologiczne, to <a href=\"tel:+48800121212\">800 12 12 12<\/a>.Telefon&nbsp;i czat internetowy b\u0119d\u0105 czynne przez ca\u0142\u0105 dob\u0119, siedem dni w tygodniu.&nbsp;<\/strong>Czat nie wymaga logowania oraz instalowania \u017cadnej aplikacji. Po\u0142\u0105czenia telefonicznie nadal pozostan\u0105 bezp\u0142atne, a rozm\u00f3wcy b\u0119d\u0105 mieli zapewnion\u0105 dyskrecj\u0119 i anonimowo\u015b\u0107. <\/p>\n\n\n\n<p> Poni\u017cej&nbsp;przekazujemy link do strony Rzecznika Praw Dziecka, na kt\u00f3rej znajd\u0105 Pa\u0144stwo wszystkie informacje zwi\u0105zane z Dzieci\u0119cym Telefonem Zaufania RPD:&nbsp;<a href=\"https:\/\/brpd.gov.pl\/dzieciecy-telefon-zaufania-rzecznika-praw-dziecka\/\" target=\"_blank\" rel=\"noreferrer noopener\">https:\/\/brpd.gov.pl\/dzieciecy-telefon-zaufania-rzecznika-praw-dziecka\/<\/a>.&nbsp; <\/p>\n\n\n\n<p><\/p>\n","protected":false},"excerpt":{"rendered":"<p>Pedagog szkolny\/pedagog specjalny- Monika Andrzejewska Telefon do pedagoga 609-875-245 email: mandrzejewska@spprzyjma.edu.pl Rok szkolny 2025\/2026 PEDAGOG SZKOLNY Dzie\u0144 tygodnia Godzina &nbsp; Poniedzia\u0142ek 1450 &#8211; 15.45&nbsp; Wtorek&hellip;<\/p>\n","protected":false},"author":1,"featured_media":0,"parent":0,"menu_order":0,"comment_status":"closed","ping_status":"closed","template":"","meta":{"footnotes":""},"_links":{"self":[{"href":"https:\/\/spprzyjma.edu.pl\/index.php\/wp-json\/wp\/v2\/pages\/122"}],"collection":[{"href":"https:\/\/spprzyjma.edu.pl\/index.php\/wp-json\/wp\/v2\/pages"}],"about":[{"href":"https:\/\/spprzyjma.edu.pl\/index.php\/wp-json\/wp\/v2\/types\/page"}],"author":[{"embeddable":true,"href":"https:\/\/spprzyjma.edu.pl\/index.php\/wp-json\/wp\/v2\/users\/1"}],"replies":[{"embeddable":true,"href":"https:\/\/spprzyjma.edu.pl\/index.php\/wp-json\/wp\/v2\/comments?post=122"}],"version-history":[{"count":47,"href":"https:\/\/spprzyjma.edu.pl\/index.php\/wp-json\/wp\/v2\/pages\/122\/revisions"}],"predecessor-version":[{"id":8359,"href":"https:\/\/spprzyjma.edu.pl\/index.php\/wp-json\/wp\/v2\/pages\/122\/revisions\/8359"}],"wp:attachment":[{"href":"https:\/\/spprzyjma.edu.pl\/index.php\/wp-json\/wp\/v2\/media?parent=122"}],"curies":[{"name":"wp","href":"https:\/\/api.w.org\/{rel}","templated":true}]}}