{"id":119,"date":"2020-03-16T22:36:24","date_gmt":"2020-03-16T21:36:24","guid":{"rendered":"https:\/\/spprzyjma.edu.pl\/?page_id=119"},"modified":"2025-12-01T15:03:36","modified_gmt":"2025-12-01T14:03:36","slug":"zajecia-dodatkowe","status":"publish","type":"page","link":"https:\/\/spprzyjma.edu.pl\/index.php\/zajecia-dodatkowe\/","title":{"rendered":"Doradztwo zawodowe"},"content":{"rendered":"\n<p>DORADZTWO ZAWODOWE<\/p>\n\n\n\n<ul>\n<li>Link do bezp\u0142atnej strony&nbsp;<a href=\"http:\/\/www.mapakarier.org\/?fbclid=IwAR3wRfXgP_Ch1WemgB4FeOwFPf0vF9aCwUFMycolixnbbgk-44ewQIVdO6I\">www.mapakarier.org<\/a>&nbsp;zawiera opis 600 zawod\u00f3w.<\/li>\n\n\n\n<li>ARENA ZAWOD\u00d3W \u2013 baza informacji dla ucznia, rodzica.&nbsp;<a href=\"https:\/\/zawodowcy.poznan.pl\/wpis.php?p=79\">ABC rodzica\/opiekuna \u2013 Szacun dla Zawodowc\u00f3w (zawodowcy.poznan.pl)<\/a><\/li>\n\n\n\n<li>https:\/\/infozawodowe.men.gov.pl\/<\/li>\n\n\n\n<li>https:\/\/zpe.gov.pl\/<\/li>\n<\/ul>\n\n\n\n<p>     Dla rodzica:<\/p>\n\n\n\n<ul>\n<li>Link do nagrania webinaru dla rodzic\u00f3w \u201eJak pom\u00f3c dziecku w wyborach edukacyjno-zawodowych?\u201d:&nbsp;<a href=\"https:\/\/l.facebook.com\/l.php?u=https%3A%2F%2Fyoutu.be%2F-PZK__nseeI%3Ffbclid%3DIwAR1SG_PqoPdmrPBhMPI7dTmyL6HpuvKo_6Q2deJF9VM3lNJtbDlfhzWXQZs&amp;h=AT0rUPYO0XTLuybyyVJQgUTFsbaETjjDa1n311UlbgI07C30ltHmr7pDUJT2NguYKFi3EzS2s2QLAbK9f7AthO6G0s-lqz0Ui1_OlWsCpfNgF_I5oWHjIntmH02_oUBR1mKx&amp;__tn__=-UK-R&amp;c%5b0%5d=AT1LqgCZb6j2mV2_c3evnDUplWGyhbdmfiCnMR7nym7R7owoQgeXn_QQZrrZgAycIxW917zCR4WTCJVx7tPY-ZyUB1DSNjBG0DQkjRCevQ3vZb6u_9lf_U_WNXYGBPvepfJ2T_lUWonYAgCsEsu92snKstWJEK-rMx913wZ6J6M4DJ0Cxf_29dPnqF9_PFOGuzG_it1Zmx3ZUaQ\">https:\/\/youtu.be\/-PZK__nseeI<\/a><\/li>\n\n\n\n<li>Link do artyku\u0142u \u201e5 rzeczy, o kt\u00f3rych warto pami\u0119ta\u0107, rozmawiaj\u0105c z dzieckiem o \u015bcie\u017cce edukacyjno-zawodowej\u201d:&nbsp;<a href=\"https:\/\/l.facebook.com\/l.php?u=https%3A%2F%2Fbit.ly%2F2PoVg74%3Ffbclid%3DIwAR1SG_PqoPdmrPBhMPI7dTmyL6HpuvKo_6Q2deJF9VM3lNJtbDlfhzWXQZs&amp;h=AT2RTA77IeVBjkADl7HyqXRNnamWwBwDuytrp4ePqVfTj75Ydmev8TV4Uwf1mMsWVjOFz7V7Xox-3oYTUv1oTRZn-lQyIZ_K-9hV00a5JZlGIit8yuMIoAXze9puPa9Od8UA&amp;__tn__=-UK-R&amp;c%5b0%5d=AT1LqgCZb6j2mV2_c3evnDUplWGyhbdmfiCnMR7nym7R7owoQgeXn_QQZrrZgAycIxW917zCR4WTCJVx7tPY-ZyUB1DSNjBG0DQkjRCevQ3vZb6u_9lf_U_WNXYGBPvepfJ2T_lUWonYAgCsEsu92snKstWJEK-rMx913wZ6J6M4DJ0Cxf_29dPnqF9_PFOGuzG_it1Zmx3ZUaQ\">https:\/\/bit.ly\/2PoVg74<\/a><\/li>\n\n\n\n<li><a href=\"https:\/\/zpe.gov.pl\/\">Strona g\u0142\u00f3wna &#8211; zpe.gov.pl<\/a><\/li>\n<\/ul>\n\n\n\n<p><\/p>\n\n\n\n<ul>\n<li>Udzia\u0142 uczni\u00f3w w <strong>NOCY ZAWODOWC\u00d3W.<\/strong><\/li>\n<\/ul>\n\n\n\n<div class=\"wp-block-cover is-light\"><span aria-hidden=\"true\" class=\"wp-block-cover__background has-background-dim\"><\/span><img loading=\"lazy\" decoding=\"async\" width=\"720\" height=\"540\" class=\"wp-block-cover__image-background wp-image-8753\" alt=\"\" src=\"https:\/\/spprzyjma.edu.pl\/wp-content\/uploads\/2025\/11\/30.jpg\" data-object-fit=\"cover\" srcset=\"https:\/\/spprzyjma.edu.pl\/wp-content\/uploads\/2025\/11\/30.jpg 720w, https:\/\/spprzyjma.edu.pl\/wp-content\/uploads\/2025\/11\/30-300x225.jpg 300w\" sizes=\"(max-width: 720px) 100vw, 720px\" \/><div class=\"wp-block-cover__inner-container is-layout-flow wp-block-cover-is-layout-flow\">\n<p class=\"has-text-align-center has-large-font-size\"><\/p>\n<\/div><\/div>\n\n\n\n<p><strong><em>Nowa prognoza zapotrzebowania na pracownik\u00f3w w zawodach szkolnictwa bran\u017cowego.<\/em><\/strong><\/p>\n\n\n\n<p><a href=\"https:\/\/www.gov.pl\/web\/edukacja\/nowa-prognoza-zapotrzebowania-na-pracownikow-w-zawodach-szkolnictwa-branzowego-na-krajowym-i-wojewodzkim-rynku-pracy\">https:\/\/www.gov.pl\/web\/edukacja\/nowa-prognoza-zapotrzebowania-na-pracownikow-w-zawodach-szkolnictwa-branzowego-na-krajowym-i-wojewodzkim-rynku-pracy<\/a><\/p>\n\n\n\n<p><\/p>\n\n\n\n<figure class=\"wp-block-image size-full\"><img loading=\"lazy\" decoding=\"async\" width=\"569\" height=\"470\" src=\"https:\/\/spprzyjma.edu.pl\/wp-content\/uploads\/2025\/11\/21.jpg\" alt=\"\" class=\"wp-image-8746\" srcset=\"https:\/\/spprzyjma.edu.pl\/wp-content\/uploads\/2025\/11\/21.jpg 569w, https:\/\/spprzyjma.edu.pl\/wp-content\/uploads\/2025\/11\/21-300x248.jpg 300w\" sizes=\"(max-width: 569px) 100vw, 569px\" \/><figcaption class=\"wp-element-caption\">Poznanie zawodu policjanta<\/figcaption><\/figure>\n\n\n\n<div class=\"wp-block-group is-layout-constrained wp-block-group-is-layout-constrained\"><div class=\"wp-block-group__inner-container\">\n<figure class=\"wp-block-gallery has-nested-images columns-default is-cropped wp-block-gallery-1 is-layout-flex wp-block-gallery-is-layout-flex\">\n<figure class=\"wp-block-image size-large\"><img loading=\"lazy\" decoding=\"async\" width=\"1024\" height=\"768\" src=\"https:\/\/spprzyjma.edu.pl\/wp-content\/uploads\/2025\/11\/22-1024x768.jpg\" alt=\"\" class=\"wp-image-8748\" srcset=\"https:\/\/spprzyjma.edu.pl\/wp-content\/uploads\/2025\/11\/22-1024x768.jpg 1024w, https:\/\/spprzyjma.edu.pl\/wp-content\/uploads\/2025\/11\/22-300x225.jpg 300w, https:\/\/spprzyjma.edu.pl\/wp-content\/uploads\/2025\/11\/22-768x576.jpg 768w, https:\/\/spprzyjma.edu.pl\/wp-content\/uploads\/2025\/11\/22.jpg 1286w\" sizes=\"(max-width: 1024px) 100vw, 1024px\" \/><figcaption class=\"wp-element-caption\">Poznanie zawodu ratownika medycznego.<\/figcaption><\/figure>\n\n\n\n<figure class=\"wp-block-image size-full\"><img loading=\"lazy\" decoding=\"async\" width=\"650\" height=\"866\" src=\"https:\/\/spprzyjma.edu.pl\/wp-content\/uploads\/2025\/11\/23.jpg\" alt=\"\" class=\"wp-image-8749\" srcset=\"https:\/\/spprzyjma.edu.pl\/wp-content\/uploads\/2025\/11\/23.jpg 650w, https:\/\/spprzyjma.edu.pl\/wp-content\/uploads\/2025\/11\/23-225x300.jpg 225w\" sizes=\"(max-width: 650px) 100vw, 650px\" \/><figcaption class=\"wp-element-caption\">Poznawanie r\u00f3\u017cnych zawod\u00f3w.<\/figcaption><\/figure>\n<\/figure>\n<\/div><\/div>\n\n\n\n<figure class=\"wp-block-gallery has-nested-images columns-default is-cropped wp-block-gallery-2 is-layout-flex wp-block-gallery-is-layout-flex\"><\/figure>\n\n\n\n<figure class=\"wp-block-gallery has-nested-images columns-default is-cropped wp-block-gallery-3 is-layout-flex wp-block-gallery-is-layout-flex\">\n<figure class=\"wp-block-image size-full\"><img loading=\"lazy\" decoding=\"async\" width=\"650\" height=\"817\" data-id=\"8750\" src=\"https:\/\/spprzyjma.edu.pl\/wp-content\/uploads\/2025\/11\/24.jpg\" alt=\"\" class=\"wp-image-8750\" srcset=\"https:\/\/spprzyjma.edu.pl\/wp-content\/uploads\/2025\/11\/24.jpg 650w, https:\/\/spprzyjma.edu.pl\/wp-content\/uploads\/2025\/11\/24-239x300.jpg 239w\" sizes=\"(max-width: 650px) 100vw, 650px\" \/><figcaption class=\"wp-element-caption\">Poznanie zawodu pizzermena.<\/figcaption><\/figure>\n\n\n\n<figure class=\"wp-block-image size-full\"><img loading=\"lazy\" decoding=\"async\" width=\"650\" height=\"866\" data-id=\"8751\" src=\"https:\/\/spprzyjma.edu.pl\/wp-content\/uploads\/2025\/11\/25.jpg\" alt=\"\" class=\"wp-image-8751\" srcset=\"https:\/\/spprzyjma.edu.pl\/wp-content\/uploads\/2025\/11\/25.jpg 650w, https:\/\/spprzyjma.edu.pl\/wp-content\/uploads\/2025\/11\/25-225x300.jpg 225w\" sizes=\"(max-width: 650px) 100vw, 650px\" \/><figcaption class=\"wp-element-caption\">Poznanie zawodu bibliotekarza.<\/figcaption><\/figure>\n\n\n\n<figure class=\"wp-block-image size-large\"><img loading=\"lazy\" decoding=\"async\" width=\"1024\" height=\"576\" data-id=\"8752\" src=\"https:\/\/spprzyjma.edu.pl\/wp-content\/uploads\/2025\/11\/26-1024x576.jpg\" alt=\"\" class=\"wp-image-8752\" srcset=\"https:\/\/spprzyjma.edu.pl\/wp-content\/uploads\/2025\/11\/26-1024x576.jpg 1024w, https:\/\/spprzyjma.edu.pl\/wp-content\/uploads\/2025\/11\/26-300x169.jpg 300w, https:\/\/spprzyjma.edu.pl\/wp-content\/uploads\/2025\/11\/26-768x432.jpg 768w, https:\/\/spprzyjma.edu.pl\/wp-content\/uploads\/2025\/11\/26-1536x864.jpg 1536w, https:\/\/spprzyjma.edu.pl\/wp-content\/uploads\/2025\/11\/26.jpg 1600w\" sizes=\"(max-width: 1024px) 100vw, 1024px\" \/><figcaption class=\"wp-element-caption\">Poznanie zawodu rolnika.<\/figcaption><\/figure>\n<\/figure>\n\n\n\n<figure class=\"wp-block-gallery has-nested-images columns-default is-cropped wp-block-gallery-4 is-layout-flex wp-block-gallery-is-layout-flex\">\n<figure class=\"wp-block-image size-large\"><img loading=\"lazy\" decoding=\"async\" width=\"745\" height=\"1024\" data-id=\"6380\" src=\"https:\/\/spprzyjma.edu.pl\/wp-content\/uploads\/2024\/10\/463759615_1003286788475599_7622461648235594476_n-745x1024.jpg\" alt=\"\" class=\"wp-image-6380\" srcset=\"https:\/\/spprzyjma.edu.pl\/wp-content\/uploads\/2024\/10\/463759615_1003286788475599_7622461648235594476_n-745x1024.jpg 745w, https:\/\/spprzyjma.edu.pl\/wp-content\/uploads\/2024\/10\/463759615_1003286788475599_7622461648235594476_n-218x300.jpg 218w, https:\/\/spprzyjma.edu.pl\/wp-content\/uploads\/2024\/10\/463759615_1003286788475599_7622461648235594476_n-768x1056.jpg 768w, https:\/\/spprzyjma.edu.pl\/wp-content\/uploads\/2024\/10\/463759615_1003286788475599_7622461648235594476_n-1117x1536.jpg 1117w, https:\/\/spprzyjma.edu.pl\/wp-content\/uploads\/2024\/10\/463759615_1003286788475599_7622461648235594476_n.jpg 1489w\" sizes=\"(max-width: 745px) 100vw, 745px\" \/><\/figure>\n<\/figure>\n\n\n\n<figure class=\"wp-block-gallery has-nested-images columns-default is-cropped wp-block-gallery-5 is-layout-flex wp-block-gallery-is-layout-flex\">\n<figure class=\"wp-block-image size-large\"><img loading=\"lazy\" decoding=\"async\" width=\"768\" height=\"1024\" data-id=\"8755\" src=\"https:\/\/spprzyjma.edu.pl\/wp-content\/uploads\/2025\/11\/27-768x1024.jpg\" alt=\"\" class=\"wp-image-8755\" srcset=\"https:\/\/spprzyjma.edu.pl\/wp-content\/uploads\/2025\/11\/27-768x1024.jpg 768w, https:\/\/spprzyjma.edu.pl\/wp-content\/uploads\/2025\/11\/27-225x300.jpg 225w, https:\/\/spprzyjma.edu.pl\/wp-content\/uploads\/2025\/11\/27-1152x1536.jpg 1152w, https:\/\/spprzyjma.edu.pl\/wp-content\/uploads\/2025\/11\/27.jpg 1536w\" sizes=\"(max-width: 768px) 100vw, 768px\" \/><figcaption class=\"wp-element-caption\">Poznanie zawodu naukowca.<\/figcaption><\/figure>\n<\/figure>\n\n\n\n<figure class=\"wp-block-gallery has-nested-images columns-default is-cropped wp-block-gallery-6 is-layout-flex wp-block-gallery-is-layout-flex\"><\/figure>\n\n\n\n<div class=\"wp-block-file\"><a id=\"wp-block-file--media-2cb6b3e0-a938-48d5-bfce-c1763a696dfc\" href=\"https:\/\/spprzyjma.edu.pl\/wp-content\/uploads\/2025\/10\/kolo.jpg\">kolo<\/a><a href=\"https:\/\/spprzyjma.edu.pl\/wp-content\/uploads\/2025\/10\/kolo.jpg\" class=\"wp-block-file__button wp-element-button\" download aria-describedby=\"wp-block-file--media-2cb6b3e0-a938-48d5-bfce-c1763a696dfc\">NOC ZAWODOWC\u00d3W W KOLE W ROKU SZKOLNYM 2025\/2026<\/a><\/div>\n\n\n\n\n\n\n\n\n\n\n\n<figure class=\"wp-block-gallery has-nested-images columns-default is-cropped wp-block-gallery-7 is-layout-flex wp-block-gallery-is-layout-flex\"><\/figure>\n","protected":false},"excerpt":{"rendered":"<p>DORADZTWO ZAWODOWE Dla rodzica: Nowa prognoza zapotrzebowania na pracownik\u00f3w w zawodach szkolnictwa bran\u017cowego. https:\/\/www.gov.pl\/web\/edukacja\/nowa-prognoza-zapotrzebowania-na-pracownikow-w-zawodach-szkolnictwa-branzowego-na-krajowym-i-wojewodzkim-rynku-pracy<\/p>\n","protected":false},"author":1,"featured_media":0,"parent":0,"menu_order":0,"comment_status":"closed","ping_status":"closed","template":"","meta":{"footnotes":""},"_links":{"self":[{"href":"https:\/\/spprzyjma.edu.pl\/index.php\/wp-json\/wp\/v2\/pages\/119"}],"collection":[{"href":"https:\/\/spprzyjma.edu.pl\/index.php\/wp-json\/wp\/v2\/pages"}],"about":[{"href":"https:\/\/spprzyjma.edu.pl\/index.php\/wp-json\/wp\/v2\/types\/page"}],"author":[{"embeddable":true,"href":"https:\/\/spprzyjma.edu.pl\/index.php\/wp-json\/wp\/v2\/users\/1"}],"replies":[{"embeddable":true,"href":"https:\/\/spprzyjma.edu.pl\/index.php\/wp-json\/wp\/v2\/comments?post=119"}],"version-history":[{"count":48,"href":"https:\/\/spprzyjma.edu.pl\/index.php\/wp-json\/wp\/v2\/pages\/119\/revisions"}],"predecessor-version":[{"id":8791,"href":"https:\/\/spprzyjma.edu.pl\/index.php\/wp-json\/wp\/v2\/pages\/119\/revisions\/8791"}],"wp:attachment":[{"href":"https:\/\/spprzyjma.edu.pl\/index.php\/wp-json\/wp\/v2\/media?parent=119"}],"curies":[{"name":"wp","href":"https:\/\/api.w.org\/{rel}","templated":true}]}}