{"id":116,"date":"2020-03-16T22:36:12","date_gmt":"2020-03-16T21:36:12","guid":{"rendered":"https:\/\/spprzyjma.edu.pl\/?page_id=116"},"modified":"2025-11-20T18:11:10","modified_gmt":"2025-11-20T17:11:10","slug":"projekty","status":"publish","type":"page","link":"https:\/\/spprzyjma.edu.pl\/index.php\/projekty\/","title":{"rendered":"Innowacje pedagogiczne"},"content":{"rendered":"<p><strong>W tym roku szkolnym w naszej szkole realizowane s\u0105 innowacje pedagogiczne:<\/strong><\/p>\n<ul>\n<li>,,<strong>Przez zabaw\u0119 do wiedzy<\/strong>&#8221; w klasach 1-3 w ramach, kt\u00f3rej nauczyciele na zaj\u0119ciach edukacji wczesnoszkolnej rozwijaj\u0105 u uczni\u00f3w umiej\u0119tno\u015bci polonistyczne i matematyczne z wykorzystaniem robot\u00f3w i program\u00f3w komputerowych.<\/li>\n<li>,,<strong>Ma\u0142y programista<\/strong>&#8221; w klasach 1-3 w ramach, kt\u00f3rej nauczyciele na zaj\u0119ciach edukacji informatycznej rozwijaj\u0105 u uczni\u00f3w umiej\u0119tno\u015bci programowania z wykorzystaniem robot\u00f3w i program\u00f3w komputerowych.<\/li>\n<li>,<strong>,KDK czyli: Kodowanie \u2013 Drukowanie &#8211; Konstruowanie<\/strong>&#8221; w klasach 4-8 &#8211; nauczyciel informatyki kszta\u0142ci u uczni\u00f3w umiej\u0119tno\u015b\u0107 budowania z klock\u00f3w in\u017cynieryjnych SKRIPARTS, uczy pos\u0142ugiwania si\u0119 robotami VEXROBOTICS IQ, True \u2013 True, Ozobot oraz drukark\u0105 3d Zortrax.<\/li>\n<li>,,<strong>Spacer po zdrowie<\/strong>&#8221; &#8211; w klasach 1-3. Innowacja rozwijaj\u0105ca zainteresowania aktywno\u015bci\u0105 fizyczn\u0105 z wykorzystaniem kiji do <strong><em>Nordic Walking.<\/em><\/strong><\/li>\n<\/ul>\n<div class=\"x_elementToProof\"><strong><br \/>\n<\/strong><\/p>\n<p><strong><br \/>\n<\/strong><\/div>\n<div class=\"x_elementToProof\"><\/div>\n","protected":false},"excerpt":{"rendered":"<p>W tym roku szkolnym w naszej szkole realizowane s\u0105 innowacje pedagogiczne: ,,Przez zabaw\u0119 do wiedzy&#8221; w klasach 1-3 w ramach, kt\u00f3rej nauczyciele na zaj\u0119ciach edukacji&hellip;<\/p>\n","protected":false},"author":1,"featured_media":0,"parent":0,"menu_order":0,"comment_status":"closed","ping_status":"closed","template":"","meta":{"footnotes":""},"_links":{"self":[{"href":"https:\/\/spprzyjma.edu.pl\/index.php\/wp-json\/wp\/v2\/pages\/116"}],"collection":[{"href":"https:\/\/spprzyjma.edu.pl\/index.php\/wp-json\/wp\/v2\/pages"}],"about":[{"href":"https:\/\/spprzyjma.edu.pl\/index.php\/wp-json\/wp\/v2\/types\/page"}],"author":[{"embeddable":true,"href":"https:\/\/spprzyjma.edu.pl\/index.php\/wp-json\/wp\/v2\/users\/1"}],"replies":[{"embeddable":true,"href":"https:\/\/spprzyjma.edu.pl\/index.php\/wp-json\/wp\/v2\/comments?post=116"}],"version-history":[{"count":28,"href":"https:\/\/spprzyjma.edu.pl\/index.php\/wp-json\/wp\/v2\/pages\/116\/revisions"}],"predecessor-version":[{"id":8764,"href":"https:\/\/spprzyjma.edu.pl\/index.php\/wp-json\/wp\/v2\/pages\/116\/revisions\/8764"}],"wp:attachment":[{"href":"https:\/\/spprzyjma.edu.pl\/index.php\/wp-json\/wp\/v2\/media?parent=116"}],"curies":[{"name":"wp","href":"https:\/\/api.w.org\/{rel}","templated":true}]}}