{"id":1068,"date":"2021-02-23T13:59:32","date_gmt":"2021-02-23T12:59:32","guid":{"rendered":"https:\/\/spprzyjma.edu.pl\/?page_id=1068"},"modified":"2026-01-27T11:21:07","modified_gmt":"2026-01-27T10:21:07","slug":"rekrutacja-klasa-i","status":"publish","type":"page","link":"https:\/\/spprzyjma.edu.pl\/index.php\/rekrutacja-klasa-i\/","title":{"rendered":"Klasa I"},"content":{"rendered":"\n<p>Poni\u017cej znajduj\u0105 si\u0119 dokumenty rekrutacyjne dla uczni\u00f3w, kt\u00f3rzy od 1 wrze\u015bnia 2026 r. chc\u0105 ucz\u0119szcza\u0107 do naszej szko\u0142y do klasy I. Dokumenty nale\u017cy odda\u0107 w sekretariacie szko\u0142y.<\/p>\n\n\n\n<p><strong>Rekrutacja trwa od 09 do 27 marca 2026 r.<\/strong><\/p>\n\n\n\n<p><strong>Formularz zg\u0142oszenia wype\u0142niaj\u0105 rodzice dzieci zameldowanych w miejscowo\u015bciach: Brze\u017aniak, G\u0142odowo, Przyjma, Lubiecz.<\/strong><\/p>\n\n\n\n<div class=\"wp-block-file\"><a id=\"wp-block-file--media-a4eb209b-0410-4cdb-968d-62f3c499d811\" href=\"https:\/\/spprzyjma.edu.pl\/wp-content\/uploads\/2021\/02\/Zg\u0142oszenie-dziecka-do-szko\u0142y-kl.-I.pdf\" target=\"_blank\" rel=\"noreferrer noopener\">Zg\u0142oszenie-dziecka-do-szko\u0142y-kl.-I<\/a><\/div>\n\n\n\n<p><strong>Formularz wniosku wype\u0142niaj\u0105 pozostali rodzice z poza obwodu szko\u0142y<\/strong>.<\/p>\n\n\n\n<div data-wp-interactive=\"\" class=\"wp-block-file\"><object data-wp-bind--hidden=\"!selectors.core.file.hasPdfPreview\" hidden class=\"wp-block-file__embed\" data=\"https:\/\/spprzyjma.edu.pl\/wp-content\/uploads\/2026\/01\/REKRUTACJA-4.pdf\" type=\"application\/pdf\" style=\"width:100%;height:600px\" aria-label=\"Osadzone z REKRUTACJA-4.\"><\/object><a id=\"wp-block-file--media-532b5a26-8af4-44c7-aa8a-060e9c88b2a5\" href=\"https:\/\/spprzyjma.edu.pl\/wp-content\/uploads\/2026\/01\/REKRUTACJA-4.pdf\">REKRUTACJA-4<\/a><a href=\"https:\/\/spprzyjma.edu.pl\/wp-content\/uploads\/2026\/01\/REKRUTACJA-4.pdf\" class=\"wp-block-file__button wp-element-button\" download aria-describedby=\"wp-block-file--media-532b5a26-8af4-44c7-aa8a-060e9c88b2a5\">Pobierz<\/a><\/div>\n","protected":false},"excerpt":{"rendered":"<p>Poni\u017cej znajduj\u0105 si\u0119 dokumenty rekrutacyjne dla uczni\u00f3w, kt\u00f3rzy od 1 wrze\u015bnia 2026 r. chc\u0105 ucz\u0119szcza\u0107 do naszej szko\u0142y do klasy I. Dokumenty nale\u017cy odda\u0107 w&hellip;<\/p>\n","protected":false},"author":1,"featured_media":0,"parent":0,"menu_order":0,"comment_status":"closed","ping_status":"closed","template":"","meta":{"footnotes":""},"_links":{"self":[{"href":"https:\/\/spprzyjma.edu.pl\/index.php\/wp-json\/wp\/v2\/pages\/1068"}],"collection":[{"href":"https:\/\/spprzyjma.edu.pl\/index.php\/wp-json\/wp\/v2\/pages"}],"about":[{"href":"https:\/\/spprzyjma.edu.pl\/index.php\/wp-json\/wp\/v2\/types\/page"}],"author":[{"embeddable":true,"href":"https:\/\/spprzyjma.edu.pl\/index.php\/wp-json\/wp\/v2\/users\/1"}],"replies":[{"embeddable":true,"href":"https:\/\/spprzyjma.edu.pl\/index.php\/wp-json\/wp\/v2\/comments?post=1068"}],"version-history":[{"count":13,"href":"https:\/\/spprzyjma.edu.pl\/index.php\/wp-json\/wp\/v2\/pages\/1068\/revisions"}],"predecessor-version":[{"id":9015,"href":"https:\/\/spprzyjma.edu.pl\/index.php\/wp-json\/wp\/v2\/pages\/1068\/revisions\/9015"}],"wp:attachment":[{"href":"https:\/\/spprzyjma.edu.pl\/index.php\/wp-json\/wp\/v2\/media?parent=1068"}],"curies":[{"name":"wp","href":"https:\/\/api.w.org\/{rel}","templated":true}]}}